{"id":47,"date":"2024-07-13T14:07:41","date_gmt":"2024-07-13T14:07:41","guid":{"rendered":"http:\/\/artbeton.co.me\/?page_id=47"},"modified":"2024-07-24T12:46:57","modified_gmt":"2024-07-24T12:46:57","slug":"art-beton-podgorica-bastenski-programvrt-dvoriste-uredjenje","status":"publish","type":"page","link":"https:\/\/artbeton.co.me\/index.php\/art-beton-podgorica-bastenski-programvrt-dvoriste-uredjenje\/","title":{"rendered":"BA\u0160TENSKI PROGRAM"},"content":{"rendered":"<p>[et_pb_section fb_built=&#8221;1&#8243; _builder_version=&#8221;4.25.0&#8243; _module_preset=&#8221;default&#8221; global_colors_info=&#8221;{}&#8221;][et_pb_row column_structure=&#8221;1_6,1_6,1_6,1_6,1_6,1_6&#8243; _builder_version=&#8221;4.25.0&#8243; _module_preset=&#8221;default&#8221; global_colors_info=&#8221;{}&#8221;][et_pb_column type=&#8221;1_6&#8243; _builder_version=&#8221;4.25.0&#8243; _module_preset=&#8221;default&#8221; global_colors_info=&#8221;{}&#8221;][et_pb_image src=&#8221;https:\/\/artbeton.co.me\/wp-content\/uploads\/2024\/07\/cesma-N6-Niksic.jpg&#8221; alt=&#8221;ART CESME&#8221; title_text=&#8221;ART CESME&#8221; url=&#8221;https:\/\/artbeton.co.me\/index.php\/art-beton-podgorica-cesme-bastenski-program\/&#8221; url_new_window=&#8221;on&#8221; _builder_version=&#8221;4.25.0&#8243; _module_preset=&#8221;default&#8221; hover_enabled=&#8221;0&#8243; global_colors_info=&#8221;{}&#8221; sticky_enabled=&#8221;0&#8243;][\/et_pb_image][et_pb_button button_url=&#8221;https:\/\/artbeton.co.me\/index.php\/art-beton-podgorica-cesme-bastenski-program\/&#8221; url_new_window=&#8221;on&#8221; button_text=&#8221;\u010cESME&#8221; button_alignment=&#8221;center&#8221; _builder_version=&#8221;4.25.0&#8243; _module_preset=&#8221;default&#8221; custom_button=&#8221;on&#8221; button_text_size=&#8221;14px&#8221; button_text_color=&#8221;#063d6b&#8221; button_border_width=&#8221;7px&#8221; button_border_radius=&#8221;7px&#8221; button_font=&#8221;Merriweather|700|||||||&#8221; button_icon=&#8221;&#x45;||divi||400&#8243; button_icon_color=&#8221;#064b7a&#8221; button_on_hover=&#8221;off&#8221; hover_enabled=&#8221;0&#8243; box_shadow_style=&#8221;preset1&#8243; global_colors_info=&#8221;{}&#8221; sticky_enabled=&#8221;0&#8243;][\/et_pb_button][\/et_pb_column][et_pb_column type=&#8221;1_6&#8243; _builder_version=&#8221;4.25.0&#8243; _module_preset=&#8221;default&#8221; global_colors_info=&#8221;{}&#8221;][et_pb_image src=&#8221;https:\/\/artbeton.co.me\/wp-content\/uploads\/2024\/07\/n25-1.jpg&#8221; alt=&#8221;ART \u017dARDINJERE&#8221; title_text=&#8221;n25 (ART \u017dARDINJERE1)&#8221; url=&#8221;https:\/\/artbeton.co.me\/index.php\/art-beton-podgorica-zardinjere\/&#8221; url_new_window=&#8221;on&#8221; _builder_version=&#8221;4.25.0&#8243; _module_preset=&#8221;default&#8221; max_width=&#8221;97%&#8221; hover_enabled=&#8221;0&#8243; global_colors_info=&#8221;{}&#8221; sticky_enabled=&#8221;0&#8243;][\/et_pb_image][et_pb_button button_url=&#8221;https:\/\/artbeton.co.me\/index.php\/art-beton-podgorica-zardinjere\/&#8221; url_new_window=&#8221;on&#8221; button_text=&#8221;\u017dARDINJERE&#8221; button_alignment=&#8221;center&#8221; _builder_version=&#8221;4.25.0&#8243; _module_preset=&#8221;default&#8221; custom_button=&#8221;on&#8221; button_text_size=&#8221;14px&#8221; button_text_color=&#8221;#00307a&#8221; button_border_width=&#8221;7px&#8221; button_border_radius=&#8221;7px&#8221; button_font=&#8221;Merriweather|700|||||||&#8221; button_icon=&#8221;&#x45;||divi||400&#8243; button_icon_color=&#8221;#023f7c&#8221; button_on_hover=&#8221;off&#8221; hover_enabled=&#8221;0&#8243; global_colors_info=&#8221;{}&#8221; sticky_enabled=&#8221;0&#8243;][\/et_pb_button][\/et_pb_column][et_pb_column type=&#8221;1_6&#8243; _builder_version=&#8221;4.25.0&#8243; _module_preset=&#8221;default&#8221; global_colors_info=&#8221;{}&#8221;][et_pb_image src=&#8221;https:\/\/artbeton.co.me\/wp-content\/uploads\/2024\/07\/bastenski-ukrasi1.jpg&#8221; alt=&#8221;ART STO&#8221; title_text=&#8221;ART STO&#8221; url=&#8221;https:\/\/artbeton.co.me\/index.php\/art-beton-podgorica-klupe-i-stolovi\/&#8221; url_new_window=&#8221;on&#8221; _builder_version=&#8221;4.25.0&#8243; _module_preset=&#8221;default&#8221; hover_enabled=&#8221;0&#8243; global_colors_info=&#8221;{}&#8221; sticky_enabled=&#8221;0&#8243;][\/et_pb_image][et_pb_button button_url=&#8221;https:\/\/artbeton.co.me\/index.php\/art-beton-podgorica-klupe-i-stolovi\/&#8221; url_new_window=&#8221;on&#8221; button_text=&#8221;KLUPE I STOLOVI&#8221; button_alignment=&#8221;center&#8221; _builder_version=&#8221;4.25.0&#8243; _module_preset=&#8221;default&#8221; custom_button=&#8221;on&#8221; button_text_size=&#8221;13px&#8221; button_text_color=&#8221;#00477a&#8221; button_border_width=&#8221;7px&#8221; button_border_radius=&#8221;7px&#8221; button_font=&#8221;Merriweather|700|||||||&#8221; button_icon=&#8221;&#x45;||divi||400&#8243; button_icon_color=&#8221;#074682&#8243; button_on_hover=&#8221;off&#8221; hover_enabled=&#8221;0&#8243; global_colors_info=&#8221;{}&#8221; sticky_enabled=&#8221;0&#8243;][\/et_pb_button][\/et_pb_column][et_pb_column type=&#8221;1_6&#8243; _builder_version=&#8221;4.25.0&#8243; _module_preset=&#8221;default&#8221; global_colors_info=&#8221;{}&#8221;][et_pb_image src=&#8221;https:\/\/artbeton.co.me\/wp-content\/uploads\/2024\/07\/IMG_5037.jpg&#8221; alt=&#8221;ART PLO\u010cA ZA STAKLENIKE&#8221; title_text=&#8221;ART PLO\u010cA ZA STAKLENIKE&#8221; url=&#8221;https:\/\/artbeton.co.me\/index.php\/art-beton-podgorica-ploce-za-plastenike\/&#8221; url_new_window=&#8221;on&#8221; use_overlay=&#8221;on&#8221; _builder_version=&#8221;4.25.0&#8243; _module_preset=&#8221;default&#8221; max_width=&#8221;100%&#8221; hover_enabled=&#8221;0&#8243; global_colors_info=&#8221;{}&#8221; sticky_enabled=&#8221;0&#8243;][\/et_pb_image][et_pb_button button_url=&#8221;https:\/\/artbeton.co.me\/index.php\/art-beton-podgorica-ploce-za-plastenike\/&#8221; url_new_window=&#8221;on&#8221; button_text=&#8221;PLO\u010cE ZA PLASTENIKE&#8221; button_alignment=&#8221;center&#8221; _builder_version=&#8221;4.25.0&#8243; _module_preset=&#8221;default&#8221; custom_button=&#8221;on&#8221; button_text_size=&#8221;10px&#8221; button_text_color=&#8221;#053d82&#8243; button_border_width=&#8221;7px&#8221; button_border_radius=&#8221;7px&#8221; button_font=&#8221;Merriweather|700|||||||&#8221; button_icon=&#8221;&#x45;||divi||400&#8243; button_icon_color=&#8221;#06417c&#8221; button_on_hover=&#8221;off&#8221; hover_enabled=&#8221;0&#8243; global_colors_info=&#8221;{}&#8221; sticky_enabled=&#8221;0&#8243;][\/et_pb_button][\/et_pb_column][et_pb_column type=&#8221;1_6&#8243; _builder_version=&#8221;4.25.0&#8243; _module_preset=&#8221;default&#8221; global_colors_info=&#8221;{}&#8221;][et_pb_image src=&#8221;https:\/\/artbeton.co.me\/wp-content\/uploads\/2024\/07\/IMG_7457.jpg&#8221; alt=&#8221;ART RO\u0160TILJ&#8221; title_text=&#8221;ART RO\u0160TILJ&#8221; url=&#8221;https:\/\/artbeton.co.me\/index.php\/art-beton-podgorica-rostilji\/&#8221; url_new_window=&#8221;on&#8221; _builder_version=&#8221;4.25.0&#8243; _module_preset=&#8221;default&#8221; hover_enabled=&#8221;0&#8243; global_colors_info=&#8221;{}&#8221; sticky_enabled=&#8221;0&#8243;][\/et_pb_image][et_pb_button button_url=&#8221;https:\/\/artbeton.co.me\/index.php\/art-beton-podgorica-rostilji\/&#8221; url_new_window=&#8221;on&#8221; button_text=&#8221;RO\u0160TILJI&#8221; button_alignment=&#8221;center&#8221; _builder_version=&#8221;4.25.0&#8243; _module_preset=&#8221;default&#8221; custom_button=&#8221;on&#8221; button_text_size=&#8221;14px&#8221; button_text_color=&#8221;#003a6d&#8221; button_border_width=&#8221;7px&#8221; button_border_color=&#8221;#044170&#8243; button_border_radius=&#8221;7px&#8221; button_font=&#8221;Merriweather|700|||||||&#8221; button_icon=&#8221;&#x45;||divi||400&#8243; button_icon_color=&#8221;#043c75&#8243; button_on_hover=&#8221;off&#8221; hover_enabled=&#8221;0&#8243; global_colors_info=&#8221;{}&#8221; sticky_enabled=&#8221;0&#8243;][\/et_pb_button][\/et_pb_column][et_pb_column type=&#8221;1_6&#8243; _builder_version=&#8221;4.25.0&#8243; _module_preset=&#8221;default&#8221; global_colors_info=&#8221;{}&#8221;][et_pb_image src=&#8221;https:\/\/artbeton.co.me\/wp-content\/uploads\/2024\/07\/DSC_0066-1-scaled-1.jpg&#8221; alt=&#8221;ART UKRASI&#8221; title_text=&#8221;ART UKRASI&#8221; url=&#8221;https:\/\/artbeton.co.me\/index.php\/art-beton-podgorica-betonski-ukrasi\/&#8221; url_new_window=&#8221;on&#8221; _builder_version=&#8221;4.25.0&#8243; _module_preset=&#8221;default&#8221; max_width=&#8221;89%&#8221; hover_enabled=&#8221;0&#8243; global_colors_info=&#8221;{}&#8221; sticky_enabled=&#8221;0&#8243;][\/et_pb_image][et_pb_button button_url=&#8221;https:\/\/artbeton.co.me\/index.php\/art-beton-podgorica-betonski-ukrasi\/&#8221; url_new_window=&#8221;on&#8221; button_text=&#8221;BETONSKE KAPE I UKRASI&#8221; button_alignment=&#8221;left&#8221; _builder_version=&#8221;4.25.0&#8243; _module_preset=&#8221;default&#8221; custom_button=&#8221;on&#8221; button_text_size=&#8221;10px&#8221; button_text_color=&#8221;#06367a&#8221; button_border_width=&#8221;7px&#8221; button_border_color=&#8221;#003870&#8243; button_border_radius=&#8221;7px&#8221; button_font=&#8221;Merriweather|700|||||||&#8221; button_icon=&#8221;&#x45;||divi||400&#8243; button_icon_color=&#8221;#033175&#8243; button_on_hover=&#8221;off&#8221; hover_enabled=&#8221;0&#8243; global_colors_info=&#8221;{}&#8221; sticky_enabled=&#8221;0&#8243;][\/et_pb_button][\/et_pb_column][\/et_pb_row][\/et_pb_section]<\/p>\n","protected":false},"excerpt":{"rendered":"","protected":false},"author":1,"featured_media":0,"parent":0,"menu_order":0,"comment_status":"closed","ping_status":"closed","template":"","meta":{"_et_pb_use_builder":"on","_et_pb_old_content":"","_et_gb_content_width":"","footnotes":""},"class_list":["post-47","page","type-page","status-publish","hentry"],"yoast_head":"<!-- This site is optimized with the Yoast SEO plugin v27.0 - https:\/\/yoast.com\/product\/yoast-seo-wordpress\/ -->\n<title>ART BETON PODGORICA - BASTENSKI PROGRAM<\/title>\n<meta name=\"description\" content=\"ART BETON PODGORICA - BASTENSKI PROGRAM. Da Va\u0161a ba\u0161ta, vrt ili dvori\u0161te budu oaza iz snova, izaberite ART BETON - Ba\u0161tenski program\/067 612 609\" \/>\n<meta name=\"robots\" content=\"index, follow, max-snippet:-1, max-image-preview:large, max-video-preview:-1\" \/>\n<link rel=\"canonical\" href=\"https:\/\/artbeton.co.me\/index.php\/art-beton-podgorica-bastenski-programvrt-dvoriste-uredjenje\/\" \/>\n<meta property=\"og:locale\" content=\"en_US\" \/>\n<meta property=\"og:type\" content=\"article\" \/>\n<meta property=\"og:title\" content=\"ART BETON PODGORICA - BASTENSKI PROGRAM\" \/>\n<meta property=\"og:description\" content=\"ART BETON PODGORICA - BASTENSKI PROGRAM. Da Va\u0161a ba\u0161ta, vrt ili dvori\u0161te budu oaza iz snova, izaberite ART BETON - Ba\u0161tenski program\/067 612 609\" \/>\n<meta property=\"og:url\" content=\"https:\/\/artbeton.co.me\/index.php\/art-beton-podgorica-bastenski-programvrt-dvoriste-uredjenje\/\" \/>\n<meta property=\"og:site_name\" content=\"ART BETON\" \/>\n<meta property=\"article:modified_time\" content=\"2024-07-24T12:46:57+00:00\" \/>\n<meta name=\"twitter:card\" content=\"summary_large_image\" \/>\n<meta name=\"twitter:label1\" content=\"Est. reading time\" \/>\n\t<meta name=\"twitter:data1\" content=\"2 minutes\" \/>\n<script type=\"application\/ld+json\" class=\"yoast-schema-graph\">{\"@context\":\"https:\/\/schema.org\",\"@graph\":[{\"@type\":\"WebPage\",\"@id\":\"https:\/\/artbeton.co.me\/index.php\/art-beton-podgorica-bastenski-programvrt-dvoriste-uredjenje\/\",\"url\":\"https:\/\/artbeton.co.me\/index.php\/art-beton-podgorica-bastenski-programvrt-dvoriste-uredjenje\/\",\"name\":\"ART BETON PODGORICA - BASTENSKI PROGRAM\",\"isPartOf\":{\"@id\":\"https:\/\/artbeton.co.me\/#website\"},\"datePublished\":\"2024-07-13T14:07:41+00:00\",\"dateModified\":\"2024-07-24T12:46:57+00:00\",\"description\":\"ART BETON PODGORICA - BASTENSKI PROGRAM. Da Va\u0161a ba\u0161ta, vrt ili dvori\u0161te budu oaza iz snova, izaberite ART BETON - Ba\u0161tenski program\/067 612 609\",\"breadcrumb\":{\"@id\":\"https:\/\/artbeton.co.me\/index.php\/art-beton-podgorica-bastenski-programvrt-dvoriste-uredjenje\/#breadcrumb\"},\"inLanguage\":\"en-US\",\"potentialAction\":[{\"@type\":\"ReadAction\",\"target\":[\"https:\/\/artbeton.co.me\/index.php\/art-beton-podgorica-bastenski-programvrt-dvoriste-uredjenje\/\"]}]},{\"@type\":\"BreadcrumbList\",\"@id\":\"https:\/\/artbeton.co.me\/index.php\/art-beton-podgorica-bastenski-programvrt-dvoriste-uredjenje\/#breadcrumb\",\"itemListElement\":[{\"@type\":\"ListItem\",\"position\":1,\"name\":\"Home\",\"item\":\"https:\/\/artbeton.co.me\/\"},{\"@type\":\"ListItem\",\"position\":2,\"name\":\"BA\u0160TENSKI PROGRAM\"}]},{\"@type\":\"WebSite\",\"@id\":\"https:\/\/artbeton.co.me\/#website\",\"url\":\"https:\/\/artbeton.co.me\/\",\"name\":\"ART BETON\",\"description\":\"ART BETON CO PODGORICA\",\"potentialAction\":[{\"@type\":\"SearchAction\",\"target\":{\"@type\":\"EntryPoint\",\"urlTemplate\":\"https:\/\/artbeton.co.me\/?s={search_term_string}\"},\"query-input\":{\"@type\":\"PropertyValueSpecification\",\"valueRequired\":true,\"valueName\":\"search_term_string\"}}],\"inLanguage\":\"en-US\"}]}<\/script>\n<!-- \/ Yoast SEO plugin. -->","yoast_head_json":{"title":"ART BETON PODGORICA - BASTENSKI PROGRAM","description":"ART BETON PODGORICA - BASTENSKI PROGRAM. Da Va\u0161a ba\u0161ta, vrt ili dvori\u0161te budu oaza iz snova, izaberite ART BETON - Ba\u0161tenski program\/067 612 609","robots":{"index":"index","follow":"follow","max-snippet":"max-snippet:-1","max-image-preview":"max-image-preview:large","max-video-preview":"max-video-preview:-1"},"canonical":"https:\/\/artbeton.co.me\/index.php\/art-beton-podgorica-bastenski-programvrt-dvoriste-uredjenje\/","og_locale":"en_US","og_type":"article","og_title":"ART BETON PODGORICA - BASTENSKI PROGRAM","og_description":"ART BETON PODGORICA - BASTENSKI PROGRAM. Da Va\u0161a ba\u0161ta, vrt ili dvori\u0161te budu oaza iz snova, izaberite ART BETON - Ba\u0161tenski program\/067 612 609","og_url":"https:\/\/artbeton.co.me\/index.php\/art-beton-podgorica-bastenski-programvrt-dvoriste-uredjenje\/","og_site_name":"ART BETON","article_modified_time":"2024-07-24T12:46:57+00:00","twitter_card":"summary_large_image","twitter_misc":{"Est. reading time":"2 minutes"},"schema":{"@context":"https:\/\/schema.org","@graph":[{"@type":"WebPage","@id":"https:\/\/artbeton.co.me\/index.php\/art-beton-podgorica-bastenski-programvrt-dvoriste-uredjenje\/","url":"https:\/\/artbeton.co.me\/index.php\/art-beton-podgorica-bastenski-programvrt-dvoriste-uredjenje\/","name":"ART BETON PODGORICA - BASTENSKI PROGRAM","isPartOf":{"@id":"https:\/\/artbeton.co.me\/#website"},"datePublished":"2024-07-13T14:07:41+00:00","dateModified":"2024-07-24T12:46:57+00:00","description":"ART BETON PODGORICA - BASTENSKI PROGRAM. Da Va\u0161a ba\u0161ta, vrt ili dvori\u0161te budu oaza iz snova, izaberite ART BETON - Ba\u0161tenski program\/067 612 609","breadcrumb":{"@id":"https:\/\/artbeton.co.me\/index.php\/art-beton-podgorica-bastenski-programvrt-dvoriste-uredjenje\/#breadcrumb"},"inLanguage":"en-US","potentialAction":[{"@type":"ReadAction","target":["https:\/\/artbeton.co.me\/index.php\/art-beton-podgorica-bastenski-programvrt-dvoriste-uredjenje\/"]}]},{"@type":"BreadcrumbList","@id":"https:\/\/artbeton.co.me\/index.php\/art-beton-podgorica-bastenski-programvrt-dvoriste-uredjenje\/#breadcrumb","itemListElement":[{"@type":"ListItem","position":1,"name":"Home","item":"https:\/\/artbeton.co.me\/"},{"@type":"ListItem","position":2,"name":"BA\u0160TENSKI PROGRAM"}]},{"@type":"WebSite","@id":"https:\/\/artbeton.co.me\/#website","url":"https:\/\/artbeton.co.me\/","name":"ART BETON","description":"ART BETON CO PODGORICA","potentialAction":[{"@type":"SearchAction","target":{"@type":"EntryPoint","urlTemplate":"https:\/\/artbeton.co.me\/?s={search_term_string}"},"query-input":{"@type":"PropertyValueSpecification","valueRequired":true,"valueName":"search_term_string"}}],"inLanguage":"en-US"}]}},"_links":{"self":[{"href":"https:\/\/artbeton.co.me\/index.php\/wp-json\/wp\/v2\/pages\/47","targetHints":{"allow":["GET"]}}],"collection":[{"href":"https:\/\/artbeton.co.me\/index.php\/wp-json\/wp\/v2\/pages"}],"about":[{"href":"https:\/\/artbeton.co.me\/index.php\/wp-json\/wp\/v2\/types\/page"}],"author":[{"embeddable":true,"href":"https:\/\/artbeton.co.me\/index.php\/wp-json\/wp\/v2\/users\/1"}],"replies":[{"embeddable":true,"href":"https:\/\/artbeton.co.me\/index.php\/wp-json\/wp\/v2\/comments?post=47"}],"version-history":[{"count":21,"href":"https:\/\/artbeton.co.me\/index.php\/wp-json\/wp\/v2\/pages\/47\/revisions"}],"predecessor-version":[{"id":1340,"href":"https:\/\/artbeton.co.me\/index.php\/wp-json\/wp\/v2\/pages\/47\/revisions\/1340"}],"wp:attachment":[{"href":"https:\/\/artbeton.co.me\/index.php\/wp-json\/wp\/v2\/media?parent=47"}],"curies":[{"name":"wp","href":"https:\/\/api.w.org\/{rel}","templated":true}]}}