{"id":41,"date":"2024-07-13T14:06:40","date_gmt":"2024-07-13T14:06:40","guid":{"rendered":"http:\/\/artbeton.co.me\/?page_id=41"},"modified":"2024-07-24T12:30:57","modified_gmt":"2024-07-24T12:30:57","slug":"art-beton-podgorica-art-ploce-za-poplocavanje","status":"publish","type":"page","link":"https:\/\/artbeton.co.me\/index.php\/art-beton-podgorica-art-ploce-za-poplocavanje\/","title":{"rendered":"PLO\u010cE ZA POPLO\u010cAVANJE"},"content":{"rendered":"<p>[et_pb_section fb_built=&#8221;1&#8243; _builder_version=&#8221;4.25.0&#8243; _module_preset=&#8221;default&#8221; global_colors_info=&#8221;{}&#8221;][et_pb_row _builder_version=&#8221;4.25.0&#8243; _module_preset=&#8221;default&#8221; global_colors_info=&#8221;{}&#8221;][et_pb_column type=&#8221;4_4&#8243; _builder_version=&#8221;4.25.0&#8243; _module_preset=&#8221;default&#8221; global_colors_info=&#8221;{}&#8221;][et_pb_text _builder_version=&#8221;4.25.0&#8243; _module_preset=&#8221;default&#8221; text_font=&#8221;Merriweather|700|on||||||&#8221; text_text_color=&#8221;#062970&#8243; text_font_size=&#8221;19px&#8221; text_orientation=&#8221;center&#8221; animation_style=&#8221;fold&#8221; border_width_bottom=&#8221;1px&#8221; border_color_bottom=&#8221;#0C71C3&#8243; box_shadow_style=&#8221;preset1&#8243; global_colors_info=&#8221;{}&#8221;]<\/p>\n<p>PLO\u010cE ZA POPLO\u010cAVANJE<\/p>\n<p>[\/et_pb_text][\/et_pb_column][\/et_pb_row][et_pb_row _builder_version=&#8221;4.25.0&#8243; _module_preset=&#8221;default&#8221; global_colors_info=&#8221;{}&#8221;][et_pb_column type=&#8221;4_4&#8243; _builder_version=&#8221;4.25.0&#8243; _module_preset=&#8221;default&#8221; global_colors_info=&#8221;{}&#8221;][et_pb_image src=&#8221;https:\/\/artbeton.co.me\/wp-content\/uploads\/2024\/07\/IMG_0158.jpg&#8221; alt=&#8221;PLOCE ART BETON&#8221; title_text=&#8221;PLOCE ART BETON&#8221; align=&#8221;center&#8221; _builder_version=&#8221;4.25.0&#8243; _module_preset=&#8221;default&#8221; global_colors_info=&#8221;{}&#8221;][\/et_pb_image][\/et_pb_column][\/et_pb_row][et_pb_row _builder_version=&#8221;4.25.0&#8243; _module_preset=&#8221;default&#8221; global_colors_info=&#8221;{}&#8221;][et_pb_column type=&#8221;4_4&#8243; _builder_version=&#8221;4.25.0&#8243; _module_preset=&#8221;default&#8221; global_colors_info=&#8221;{}&#8221;][et_pb_text _builder_version=&#8221;4.25.0&#8243; _module_preset=&#8221;default&#8221; text_font=&#8221;Merriweather|700|on||||||&#8221; text_text_color=&#8221;#051863&#8243; text_font_size=&#8221;20px&#8221; text_orientation=&#8221;center&#8221; border_width_bottom=&#8221;1px&#8221; border_color_bottom=&#8221;#0C71C3&#8243; box_shadow_style=&#8221;preset1&#8243; global_colors_info=&#8221;{}&#8221;]<\/p>\n<p>VIBROPRESOVANE PLO\u010cE\u00a0<\/p>\n<p>[\/et_pb_text][\/et_pb_column][\/et_pb_row][et_pb_row column_structure=&#8221;1_3,1_3,1_3&#8243; _builder_version=&#8221;4.25.0&#8243; _module_preset=&#8221;default&#8221; global_colors_info=&#8221;{}&#8221;][et_pb_column type=&#8221;1_3&#8243; _builder_version=&#8221;4.25.0&#8243; _module_preset=&#8221;default&#8221; global_colors_info=&#8221;{}&#8221;][et_pb_image src=&#8221;https:\/\/artbeton.co.me\/wp-content\/uploads\/2024\/07\/Home.png.png&#8221; alt=&#8221;KOLOR MIX PLOCE ART BETON PODGORICA&#8221; title_text=&#8221;KOLOR MIX PLOCE ART BETON PODGORICA&#8221; url=&#8221;https:\/\/artbeton.co.me\/index.php\/art-beton-podgorica-ploce-za-poplocavanje-kolor-mix-ploce\/&#8221; url_new_window=&#8221;on&#8221; _builder_version=&#8221;4.25.0&#8243; _module_preset=&#8221;default&#8221; global_colors_info=&#8221;{}&#8221;][\/et_pb_image][et_pb_button button_url=&#8221;https:\/\/artbeton.co.me\/index.php\/art-beton-podgorica-ploce-za-poplocavanje-kolor-mix-ploce\/&#8221; url_new_window=&#8221;on&#8221; button_text=&#8221;Pogledaj vi\u0161e&#8221; button_alignment=&#8221;center&#8221; _builder_version=&#8221;4.25.0&#8243; _module_preset=&#8221;default&#8221; custom_button=&#8221;on&#8221; button_text_color=&#8221;#001d63&#8243; button_font=&#8221;Roboto||||||||&#8221; button_icon=&#8221;&#x45;||divi||400&#8243; button_icon_color=&#8221;#07367c&#8221; box_shadow_style=&#8221;preset1&#8243; global_colors_info=&#8221;{}&#8221;][\/et_pb_button][\/et_pb_column][et_pb_column type=&#8221;1_3&#8243; _builder_version=&#8221;4.25.0&#8243; _module_preset=&#8221;default&#8221; global_colors_info=&#8221;{}&#8221;][et_pb_image src=&#8221;https:\/\/artbeton.co.me\/wp-content\/uploads\/2024\/07\/Home.png-1.png&#8221; alt=&#8221;PLOCE ART BETON&#8221; title_text=&#8221;PLOCE ART BETON&#8221; url=&#8221;https:\/\/artbeton.co.me\/index.php\/art-beton-podgorica-ploce-za-poplocavanje-jednoslojne-ploce\/&#8221; url_new_window=&#8221;on&#8221; _builder_version=&#8221;4.25.0&#8243; _module_preset=&#8221;default&#8221; hover_enabled=&#8221;0&#8243; global_colors_info=&#8221;{}&#8221; sticky_enabled=&#8221;0&#8243;][\/et_pb_image][et_pb_button button_url=&#8221;https:\/\/artbeton.co.me\/index.php\/art-beton-podgorica-ploce-za-poplocavanje-jednoslojne-ploce\/&#8221; url_new_window=&#8221;on&#8221; button_text=&#8221;Pogledaj vi\u0161e&#8221; button_alignment=&#8221;center&#8221; _builder_version=&#8221;4.25.0&#8243; _module_preset=&#8221;default&#8221; custom_button=&#8221;on&#8221; button_text_color=&#8221;#001f63&#8243; button_font=&#8221;Roboto|500|||||||&#8221; button_icon=&#8221;&#x45;||divi||400&#8243; button_icon_color=&#8221;#012b70&#8243; hover_enabled=&#8221;0&#8243; box_shadow_style=&#8221;preset1&#8243; global_colors_info=&#8221;{}&#8221; sticky_enabled=&#8221;0&#8243;][\/et_pb_button][\/et_pb_column][et_pb_column type=&#8221;1_3&#8243; _builder_version=&#8221;4.25.0&#8243; _module_preset=&#8221;default&#8221; global_colors_info=&#8221;{}&#8221;][et_pb_image src=&#8221;https:\/\/artbeton.co.me\/wp-content\/uploads\/2024\/07\/Home.png-2.png&#8221; alt=&#8221;PLOCE ART BETON&#8221; title_text=&#8221;PLOCE ART BETON&#8221; url=&#8221;https:\/\/artbeton.co.me\/index.php\/art-beton-podgorica-ploce-za-poplocavanje\/&#8221; url_new_window=&#8221;on&#8221; _builder_version=&#8221;4.25.0&#8243; _module_preset=&#8221;default&#8221; hover_enabled=&#8221;0&#8243; global_colors_info=&#8221;{}&#8221; sticky_enabled=&#8221;0&#8243;][\/et_pb_image][et_pb_button button_url=&#8221;https:\/\/artbeton.co.me\/index.php\/art-beton-podgorica-ploce-za-poplocavanje\/&#8221; url_new_window=&#8221;on&#8221; button_text=&#8221;Pogledaj vi\u0161e&#8221; button_alignment=&#8221;center&#8221; _builder_version=&#8221;4.25.0&#8243; _module_preset=&#8221;default&#8221; custom_button=&#8221;on&#8221; button_text_color=&#8221;#01215b&#8221; button_font=&#8221;Roboto|500|||||||&#8221; button_icon=&#8221;&#x45;||divi||400&#8243; button_icon_color=&#8221;#03247c&#8221; hover_enabled=&#8221;0&#8243; box_shadow_style=&#8221;preset1&#8243; global_colors_info=&#8221;{}&#8221; sticky_enabled=&#8221;0&#8243;][\/et_pb_button][\/et_pb_column][\/et_pb_row][et_pb_row _builder_version=&#8221;4.25.0&#8243; _module_preset=&#8221;default&#8221; global_colors_info=&#8221;{}&#8221;][et_pb_column type=&#8221;4_4&#8243; _builder_version=&#8221;4.25.0&#8243; _module_preset=&#8221;default&#8221; global_colors_info=&#8221;{}&#8221;][et_pb_text _builder_version=&#8221;4.25.0&#8243; _module_preset=&#8221;default&#8221; text_font=&#8221;Merriweather|700|on||||||&#8221; text_text_color=&#8221;#021d68&#8243; text_font_size=&#8221;20px&#8221; text_orientation=&#8221;center&#8221; animation_style=&#8221;fold&#8221; border_width_bottom=&#8221;1px&#8221; border_color_bottom=&#8221;#0C71C3&#8243; box_shadow_style=&#8221;preset1&#8243; global_colors_info=&#8221;{}&#8221;]<\/p>\n<p>LIVENE PLO\u010cE<\/p>\n<p>[\/et_pb_text][\/et_pb_column][\/et_pb_row][et_pb_row _builder_version=&#8221;4.25.0&#8243; _module_preset=&#8221;default&#8221; global_colors_info=&#8221;{}&#8221;][et_pb_column type=&#8221;4_4&#8243; _builder_version=&#8221;4.25.0&#8243; _module_preset=&#8221;default&#8221; global_colors_info=&#8221;{}&#8221;][et_pb_image src=&#8221;https:\/\/artbeton.co.me\/wp-content\/uploads\/2024\/07\/Home.png-3.png&#8221; alt=&#8221;PLOCE ART BETON&#8221; title_text=&#8221;PLOCE ART BETON&#8221; url=&#8221;https:\/\/artbeton.co.me\/index.php\/art-beton-podgorica-ploce-za-poplocavanje-2\/&#8221; url_new_window=&#8221;on&#8221; align=&#8221;center&#8221; _builder_version=&#8221;4.25.0&#8243; _module_preset=&#8221;default&#8221; hover_enabled=&#8221;0&#8243; global_colors_info=&#8221;{}&#8221; sticky_enabled=&#8221;0&#8243;][\/et_pb_image][et_pb_button button_url=&#8221;https:\/\/artbeton.co.me\/index.php\/art-beton-podgorica-ploce-za-poplocavanje-2\/&#8221; url_new_window=&#8221;on&#8221; button_text=&#8221;Pogledaj vi\u0161e&#8221; button_alignment=&#8221;center&#8221; _builder_version=&#8221;4.25.0&#8243; _module_preset=&#8221;default&#8221; custom_button=&#8221;on&#8221; button_text_color=&#8221;#002370&#8243; button_font=&#8221;Roboto|500|||||||&#8221; button_icon=&#8221;&#x45;||divi||400&#8243; button_icon_color=&#8221;#043775&#8243; hover_enabled=&#8221;0&#8243; box_shadow_style=&#8221;preset1&#8243; global_colors_info=&#8221;{}&#8221; sticky_enabled=&#8221;0&#8243;][\/et_pb_button][\/et_pb_column][\/et_pb_row][\/et_pb_section]<\/p>\n","protected":false},"excerpt":{"rendered":"<p>PLO\u010cE ZA POPLO\u010cAVANJEVIBROPRESOVANE PLO\u010cE\u00a0LIVENE PLO\u010cE<\/p>\n","protected":false},"author":1,"featured_media":0,"parent":0,"menu_order":0,"comment_status":"closed","ping_status":"closed","template":"","meta":{"_et_pb_use_builder":"on","_et_pb_old_content":"","_et_gb_content_width":"","footnotes":""},"class_list":["post-41","page","type-page","status-publish","hentry"],"yoast_head":"<!-- This site is optimized with the Yoast SEO plugin v27.0 - https:\/\/yoast.com\/product\/yoast-seo-wordpress\/ -->\n<title>ART BETON PODGORICA - ART PLOCE ZA POPLOCAVANJE<\/title>\n<meta name=\"description\" content=\"ART BETON PODGORICA - PLOCE ZA POPLOCAVANJE. Ure\u0111enje dvori\u0161ta, parkinga ili prilaza poslovnom prostoru je lako uz ART PLOCNIKE!\" \/>\n<meta name=\"robots\" content=\"index, follow, max-snippet:-1, max-image-preview:large, max-video-preview:-1\" \/>\n<link rel=\"canonical\" href=\"https:\/\/artbeton.co.me\/index.php\/art-beton-podgorica-art-ploce-za-poplocavanje\/\" \/>\n<meta property=\"og:locale\" content=\"en_US\" \/>\n<meta property=\"og:type\" content=\"article\" \/>\n<meta property=\"og:title\" content=\"ART BETON PODGORICA - ART PLOCE ZA POPLOCAVANJE\" \/>\n<meta property=\"og:description\" content=\"ART BETON PODGORICA - PLOCE ZA POPLOCAVANJE. Ure\u0111enje dvori\u0161ta, parkinga ili prilaza poslovnom prostoru je lako uz ART PLOCNIKE!\" \/>\n<meta property=\"og:url\" content=\"https:\/\/artbeton.co.me\/index.php\/art-beton-podgorica-art-ploce-za-poplocavanje\/\" \/>\n<meta property=\"og:site_name\" content=\"ART BETON\" \/>\n<meta property=\"article:modified_time\" content=\"2024-07-24T12:30:57+00:00\" \/>\n<meta name=\"twitter:card\" content=\"summary_large_image\" \/>\n<meta name=\"twitter:label1\" content=\"Est. reading time\" \/>\n\t<meta name=\"twitter:data1\" content=\"2 minutes\" \/>\n<script type=\"application\/ld+json\" class=\"yoast-schema-graph\">{\"@context\":\"https:\/\/schema.org\",\"@graph\":[{\"@type\":\"WebPage\",\"@id\":\"https:\/\/artbeton.co.me\/index.php\/art-beton-podgorica-art-ploce-za-poplocavanje\/\",\"url\":\"https:\/\/artbeton.co.me\/index.php\/art-beton-podgorica-art-ploce-za-poplocavanje\/\",\"name\":\"ART BETON PODGORICA - ART PLOCE ZA POPLOCAVANJE\",\"isPartOf\":{\"@id\":\"https:\/\/artbeton.co.me\/#website\"},\"datePublished\":\"2024-07-13T14:06:40+00:00\",\"dateModified\":\"2024-07-24T12:30:57+00:00\",\"description\":\"ART BETON PODGORICA - PLOCE ZA POPLOCAVANJE. Ure\u0111enje dvori\u0161ta, parkinga ili prilaza poslovnom prostoru je lako uz ART PLOCNIKE!\",\"breadcrumb\":{\"@id\":\"https:\/\/artbeton.co.me\/index.php\/art-beton-podgorica-art-ploce-za-poplocavanje\/#breadcrumb\"},\"inLanguage\":\"en-US\",\"potentialAction\":[{\"@type\":\"ReadAction\",\"target\":[\"https:\/\/artbeton.co.me\/index.php\/art-beton-podgorica-art-ploce-za-poplocavanje\/\"]}]},{\"@type\":\"BreadcrumbList\",\"@id\":\"https:\/\/artbeton.co.me\/index.php\/art-beton-podgorica-art-ploce-za-poplocavanje\/#breadcrumb\",\"itemListElement\":[{\"@type\":\"ListItem\",\"position\":1,\"name\":\"Home\",\"item\":\"https:\/\/artbeton.co.me\/\"},{\"@type\":\"ListItem\",\"position\":2,\"name\":\"PLO\u010cE ZA POPLO\u010cAVANJE\"}]},{\"@type\":\"WebSite\",\"@id\":\"https:\/\/artbeton.co.me\/#website\",\"url\":\"https:\/\/artbeton.co.me\/\",\"name\":\"ART BETON\",\"description\":\"ART BETON CO PODGORICA\",\"potentialAction\":[{\"@type\":\"SearchAction\",\"target\":{\"@type\":\"EntryPoint\",\"urlTemplate\":\"https:\/\/artbeton.co.me\/?s={search_term_string}\"},\"query-input\":{\"@type\":\"PropertyValueSpecification\",\"valueRequired\":true,\"valueName\":\"search_term_string\"}}],\"inLanguage\":\"en-US\"}]}<\/script>\n<!-- \/ Yoast SEO plugin. -->","yoast_head_json":{"title":"ART BETON PODGORICA - ART PLOCE ZA POPLOCAVANJE","description":"ART BETON PODGORICA - PLOCE ZA POPLOCAVANJE. Ure\u0111enje dvori\u0161ta, parkinga ili prilaza poslovnom prostoru je lako uz ART PLOCNIKE!","robots":{"index":"index","follow":"follow","max-snippet":"max-snippet:-1","max-image-preview":"max-image-preview:large","max-video-preview":"max-video-preview:-1"},"canonical":"https:\/\/artbeton.co.me\/index.php\/art-beton-podgorica-art-ploce-za-poplocavanje\/","og_locale":"en_US","og_type":"article","og_title":"ART BETON PODGORICA - ART PLOCE ZA POPLOCAVANJE","og_description":"ART BETON PODGORICA - PLOCE ZA POPLOCAVANJE. Ure\u0111enje dvori\u0161ta, parkinga ili prilaza poslovnom prostoru je lako uz ART PLOCNIKE!","og_url":"https:\/\/artbeton.co.me\/index.php\/art-beton-podgorica-art-ploce-za-poplocavanje\/","og_site_name":"ART BETON","article_modified_time":"2024-07-24T12:30:57+00:00","twitter_card":"summary_large_image","twitter_misc":{"Est. reading time":"2 minutes"},"schema":{"@context":"https:\/\/schema.org","@graph":[{"@type":"WebPage","@id":"https:\/\/artbeton.co.me\/index.php\/art-beton-podgorica-art-ploce-za-poplocavanje\/","url":"https:\/\/artbeton.co.me\/index.php\/art-beton-podgorica-art-ploce-za-poplocavanje\/","name":"ART BETON PODGORICA - ART PLOCE ZA POPLOCAVANJE","isPartOf":{"@id":"https:\/\/artbeton.co.me\/#website"},"datePublished":"2024-07-13T14:06:40+00:00","dateModified":"2024-07-24T12:30:57+00:00","description":"ART BETON PODGORICA - PLOCE ZA POPLOCAVANJE. Ure\u0111enje dvori\u0161ta, parkinga ili prilaza poslovnom prostoru je lako uz ART PLOCNIKE!","breadcrumb":{"@id":"https:\/\/artbeton.co.me\/index.php\/art-beton-podgorica-art-ploce-za-poplocavanje\/#breadcrumb"},"inLanguage":"en-US","potentialAction":[{"@type":"ReadAction","target":["https:\/\/artbeton.co.me\/index.php\/art-beton-podgorica-art-ploce-za-poplocavanje\/"]}]},{"@type":"BreadcrumbList","@id":"https:\/\/artbeton.co.me\/index.php\/art-beton-podgorica-art-ploce-za-poplocavanje\/#breadcrumb","itemListElement":[{"@type":"ListItem","position":1,"name":"Home","item":"https:\/\/artbeton.co.me\/"},{"@type":"ListItem","position":2,"name":"PLO\u010cE ZA POPLO\u010cAVANJE"}]},{"@type":"WebSite","@id":"https:\/\/artbeton.co.me\/#website","url":"https:\/\/artbeton.co.me\/","name":"ART BETON","description":"ART BETON CO PODGORICA","potentialAction":[{"@type":"SearchAction","target":{"@type":"EntryPoint","urlTemplate":"https:\/\/artbeton.co.me\/?s={search_term_string}"},"query-input":{"@type":"PropertyValueSpecification","valueRequired":true,"valueName":"search_term_string"}}],"inLanguage":"en-US"}]}},"_links":{"self":[{"href":"https:\/\/artbeton.co.me\/index.php\/wp-json\/wp\/v2\/pages\/41","targetHints":{"allow":["GET"]}}],"collection":[{"href":"https:\/\/artbeton.co.me\/index.php\/wp-json\/wp\/v2\/pages"}],"about":[{"href":"https:\/\/artbeton.co.me\/index.php\/wp-json\/wp\/v2\/types\/page"}],"author":[{"embeddable":true,"href":"https:\/\/artbeton.co.me\/index.php\/wp-json\/wp\/v2\/users\/1"}],"replies":[{"embeddable":true,"href":"https:\/\/artbeton.co.me\/index.php\/wp-json\/wp\/v2\/comments?post=41"}],"version-history":[{"count":14,"href":"https:\/\/artbeton.co.me\/index.php\/wp-json\/wp\/v2\/pages\/41\/revisions"}],"predecessor-version":[{"id":1336,"href":"https:\/\/artbeton.co.me\/index.php\/wp-json\/wp\/v2\/pages\/41\/revisions\/1336"}],"wp:attachment":[{"href":"https:\/\/artbeton.co.me\/index.php\/wp-json\/wp\/v2\/media?parent=41"}],"curies":[{"name":"wp","href":"https:\/\/api.w.org\/{rel}","templated":true}]}}