{"id":135,"date":"2024-07-13T16:55:52","date_gmt":"2024-07-13T16:55:52","guid":{"rendered":"http:\/\/artbeton.co.me\/?page_id=135"},"modified":"2024-07-17T12:41:13","modified_gmt":"2024-07-17T12:41:13","slug":"art-beton-podgorica-ploce-za-poplocavanje","status":"publish","type":"page","link":"https:\/\/artbeton.co.me\/index.php\/art-beton-podgorica-ploce-za-poplocavanje\/","title":{"rendered":"DVOSLOJNE PLO\u010cE"},"content":{"rendered":"\n[et_pb_section fb_built=&#8221;1&#8243; theme_builder_area=&#8221;post_content&#8221; _builder_version=&#8221;4.25.0&#8243; _module_preset=&#8221;default&#8221;][et_pb_row _builder_version=&#8221;4.25.0&#8243; _module_preset=&#8221;default&#8221; theme_builder_area=&#8221;post_content&#8221;][et_pb_column _builder_version=&#8221;4.25.0&#8243; _module_preset=&#8221;default&#8221; type=&#8221;4_4&#8243; theme_builder_area=&#8221;post_content&#8221;][et_pb_text _builder_version=&#8221;4.25.0&#8243; _module_preset=&#8221;default&#8221; theme_builder_area=&#8221;post_content&#8221; text_font=&#8221;Merriweather|700|on||||||&#8221; text_text_color=&#8221;#001c5e&#8221; text_font_size=&#8221;19px&#8221; text_orientation=&#8221;center&#8221; box_shadow_style=&#8221;preset6&#8243; box_shadow_color=&#8221;rgba(5,30,99,0.37)&#8221; animation_style=&#8221;fold&#8221; hover_enabled=&#8221;0&#8243; sticky_enabled=&#8221;0&#8243;]<p><span>VIBROPRESOVANE DVOSLOJNE PLO\u010cE<\/span><\/p>[\/et_pb_text][\/et_pb_column][\/et_pb_row][et_pb_row _builder_version=&#8221;4.25.0&#8243; _module_preset=&#8221;default&#8221; theme_builder_area=&#8221;post_content&#8221;][et_pb_column _builder_version=&#8221;4.25.0&#8243; _module_preset=&#8221;default&#8221; type=&#8221;4_4&#8243; theme_builder_area=&#8221;post_content&#8221;][et_pb_image src=&#8221;https:\/\/artbeton.co.me\/wp-content\/uploads\/2024\/07\/IMG_0399.jpg&#8221; _builder_version=&#8221;4.25.0&#8243; _module_preset=&#8221;default&#8221; theme_builder_area=&#8221;post_content&#8221; alt=&#8221;ART PLOCE&#8221; title_text=&#8221;ART PLOCE&#8221; align=&#8221;center&#8221; module_alignment=&#8221;center&#8221; max_width=&#8221;100%&#8221; height=&#8221;672px&#8221; max_height=&#8221;1000px&#8221; animation_style=&#8221;zoom&#8221; animation_direction=&#8221;left&#8221; hover_enabled=&#8221;0&#8243; sticky_enabled=&#8221;0&#8243;][\/et_pb_image][\/et_pb_column][\/et_pb_row][et_pb_row _builder_version=&#8221;4.25.0&#8243; _module_preset=&#8221;default&#8221; theme_builder_area=&#8221;post_content&#8221;][et_pb_column _builder_version=&#8221;4.25.0&#8243; _module_preset=&#8221;default&#8221; type=&#8221;4_4&#8243; theme_builder_area=&#8221;post_content&#8221;][et_pb_text _builder_version=&#8221;4.25.0&#8243; _module_preset=&#8221;default&#8221; theme_builder_area=&#8221;post_content&#8221; text_font=&#8221;Roboto|500|||||||&#8221; text_text_color=&#8221;#032477&#8243; text_font_size=&#8221;17px&#8221; text_orientation=&#8221;center&#8221; box_shadow_style=&#8221;preset6&#8243; box_shadow_color=&#8221;#0C71C3&#8243; animation_style=&#8221;fold&#8221; hover_enabled=&#8221;0&#8243; sticky_enabled=&#8221;0&#8243;]<p><span>Vibropresovane dvoslojne plo\u010de sastoje se od prvog, osnovnog, nose\u0107eg sloja koji je od drobljenog agregata debljine oko 5-5,5cm i drugog, zavr\u0161nog, habaju\u0107eg sloja debljine od 5-10 mm. Svaki od slojeva radi se po precizno utvr\u0111enoj recepturi, a u skladu sa namijenom.<\/span><\/p>[\/et_pb_text][\/et_pb_column][\/et_pb_row][et_pb_row _builder_version=&#8221;4.25.0&#8243; _module_preset=&#8221;default&#8221; theme_builder_area=&#8221;post_content&#8221; column_structure=&#8221;1_2,1_2&#8243;][et_pb_column _builder_version=&#8221;4.25.0&#8243; _module_preset=&#8221;default&#8221; type=&#8221;1_2&#8243; theme_builder_area=&#8221;post_content&#8221;][et_pb_image src=&#8221;https:\/\/artbeton.co.me\/wp-content\/uploads\/2024\/07\/vibropresovane-20x30x6-2.jpg&#8221; _builder_version=&#8221;4.25.0&#8243; _module_preset=&#8221;default&#8221; theme_builder_area=&#8221;post_content&#8221; alt=&#8221;ART PLOCE&#8221; title_text=&#8221;ART PLOCE&#8221; align=&#8221;center&#8221; max_width=&#8221;55%&#8221; box_shadow_style=&#8221;preset6&#8243; box_shadow_color=&#8221;#FFFFFF&#8221; hover_enabled=&#8221;0&#8243; sticky_enabled=&#8221;0&#8243;][\/et_pb_image][\/et_pb_column][et_pb_column _builder_version=&#8221;4.25.0&#8243; _module_preset=&#8221;default&#8221; type=&#8221;1_2&#8243; theme_builder_area=&#8221;post_content&#8221;][et_pb_text _builder_version=&#8221;4.25.0&#8243; _module_preset=&#8221;default&#8221; theme_builder_area=&#8221;post_content&#8221; text_font=&#8221;Roboto|500|||||||&#8221; text_text_color=&#8221;#062d70&#8243; text_orientation=&#8221;center&#8221; border_color_bottom=&#8221;#0C71C3&#8243; border_width_bottom=&#8221;10px&#8221; border_style_bottom=&#8221;double&#8221; text_font_size=&#8221;18px&#8221; custom_margin=&#8221;111px||||false|false&#8221; hover_enabled=&#8221;0&#8243; sticky_enabled=&#8221;0&#8243;]<p><span>Prvi nose\u0107i sloj radi se od drobljenog agregata, granulacije 0-4 mm, 4-8 mm i portland cementa CEM II\/B-M (S-LL) 42,5N, a drugi habaju\u0107i sloj od kvarcnog pijeska, granulacije 0,2-1,2 mm i portland cementa CEM II\/B-M (S-LL) 42,5N. Primjenom kvarcnog pijeska posti\u017ee se velika otpornost na habanje sa jedne i glatka i ujedna\u010dena struktura sa druge strane. Visoka marka o\u010dvrslog betona i primjena aditiva daju ovim plo\u010dama otpornost na mehani\u010dke udare, mraz i soli za odmrzavanje.<\/span><\/p>[\/et_pb_text][\/et_pb_column][\/et_pb_row][et_pb_row _builder_version=&#8221;4.25.0&#8243; _module_preset=&#8221;default&#8221; theme_builder_area=&#8221;post_content&#8221; column_structure=&#8221;1_2,1_2&#8243; animation_style=&#8221;flip&#8221; hover_enabled=&#8221;0&#8243; sticky_enabled=&#8221;0&#8243;][et_pb_column _builder_version=&#8221;4.25.0&#8243; _module_preset=&#8221;default&#8221; type=&#8221;1_2&#8243; theme_builder_area=&#8221;post_content&#8221;][et_pb_image src=&#8221;https:\/\/artbeton.co.me\/wp-content\/uploads\/2024\/07\/raster-objekat.jpg&#8221; _builder_version=&#8221;4.25.0&#8243; _module_preset=&#8221;default&#8221; theme_builder_area=&#8221;post_content&#8221; alt=&#8221;ART PLOCE&#8221; title_text=&#8221;ART PLOCE&#8221; align=&#8221;center&#8221; hover_enabled=&#8221;0&#8243; sticky_enabled=&#8221;0&#8243;][\/et_pb_image][\/et_pb_column][et_pb_column _builder_version=&#8221;4.25.0&#8243; _module_preset=&#8221;default&#8221; type=&#8221;1_2&#8243; theme_builder_area=&#8221;post_content&#8221;][et_pb_image src=&#8221;https:\/\/artbeton.co.me\/wp-content\/uploads\/2024\/07\/IMG_0393.jpg&#8221; _builder_version=&#8221;4.25.0&#8243; _module_preset=&#8221;default&#8221; theme_builder_area=&#8221;post_content&#8221; alt=&#8221;ART PLOCE&#8221; title_text=&#8221;ART PLOCE&#8221; align=&#8221;center&#8221; hover_enabled=&#8221;0&#8243; sticky_enabled=&#8221;0&#8243; max_width=&#8221;95%&#8221;][\/et_pb_image][\/et_pb_column][\/et_pb_row][et_pb_row _builder_version=&#8221;4.25.0&#8243; _module_preset=&#8221;default&#8221; theme_builder_area=&#8221;post_content&#8221;][et_pb_column _builder_version=&#8221;4.25.0&#8243; _module_preset=&#8221;default&#8221; type=&#8221;4_4&#8243; theme_builder_area=&#8221;post_content&#8221;][et_pb_text _builder_version=&#8221;4.25.0&#8243; _module_preset=&#8221;default&#8221; theme_builder_area=&#8221;post_content&#8221; text_font=&#8221;Merriweather|700|on||||||&#8221; text_text_color=&#8221;#06487f&#8221; text_font_size=&#8221;18px&#8221; text_orientation=&#8221;center&#8221; box_shadow_style=&#8221;preset6&#8243; box_shadow_color=&#8221;rgba(6,76,130,0.38)&#8221; hover_enabled=&#8221;0&#8243; sticky_enabled=&#8221;0&#8243;]<p><span>MODELI VIBROPRESOVANIH DVOSLOJNIH PLO\u010cA<\/span><\/p>[\/et_pb_text][\/et_pb_column][\/et_pb_row][et_pb_row _builder_version=&#8221;4.25.0&#8243; _module_preset=&#8221;default&#8221; theme_builder_area=&#8221;post_content&#8221; column_structure=&#8221;1_2,1_2&#8243; animation_style=&#8221;fade&#8221; hover_enabled=&#8221;0&#8243; sticky_enabled=&#8221;0&#8243;][et_pb_column _builder_version=&#8221;4.25.0&#8243; _module_preset=&#8221;default&#8221; type=&#8221;1_2&#8243; theme_builder_area=&#8221;post_content&#8221;][et_pb_image src=&#8221;https:\/\/artbeton.co.me\/wp-content\/uploads\/2024\/07\/Livena-hhh-potrosnja-hhhhh-1-1.png&#8221; _builder_version=&#8221;4.25.0&#8243; _module_preset=&#8221;default&#8221; theme_builder_area=&#8221;post_content&#8221; alt=&#8221;ART PLOCE&#8221; title_text=&#8221;ART PLOCE&#8221; align=&#8221;center&#8221; max_width=&#8221;85%&#8221; hover_enabled=&#8221;0&#8243; sticky_enabled=&#8221;0&#8243;][\/et_pb_image][\/et_pb_column][et_pb_column _builder_version=&#8221;4.25.0&#8243; _module_preset=&#8221;default&#8221; type=&#8221;1_2&#8243; theme_builder_area=&#8221;post_content&#8221;][et_pb_image src=&#8221;https:\/\/artbeton.co.me\/wp-content\/uploads\/2024\/07\/Livena-hhh-potrosnja-hhhhh-1-ispravka-2.png&#8221; _builder_version=&#8221;4.25.0&#8243; _module_preset=&#8221;default&#8221; theme_builder_area=&#8221;post_content&#8221; alt=&#8221;ART PLOCE&#8221; title_text=&#8221;ART PLOCE&#8221; module_alignment=&#8221;center&#8221; max_width=&#8221;85%&#8221; hover_enabled=&#8221;0&#8243; sticky_enabled=&#8221;0&#8243;][\/et_pb_image][\/et_pb_column][\/et_pb_row][et_pb_row _builder_version=&#8221;4.25.0&#8243; _module_preset=&#8221;default&#8221; theme_builder_area=&#8221;post_content&#8221; column_structure=&#8221;1_2,1_2&#8243; animation_style=&#8221;slide&#8221; animation_direction=&#8221;left&#8221; hover_enabled=&#8221;0&#8243; sticky_enabled=&#8221;0&#8243;][et_pb_column _builder_version=&#8221;4.25.0&#8243; _module_preset=&#8221;default&#8221; type=&#8221;1_2&#8243; theme_builder_area=&#8221;post_content&#8221;][et_pb_image src=&#8221;https:\/\/artbeton.co.me\/wp-content\/uploads\/2024\/07\/Livena-hhh-potrosnja-hhhhh-13.png&#8221; _builder_version=&#8221;4.25.0&#8243; _module_preset=&#8221;default&#8221; theme_builder_area=&#8221;post_content&#8221; alt=&#8221;ART PLOCE&#8221; title_text=&#8221;ART PLOCE&#8221; module_alignment=&#8221;center&#8221; max_width=&#8221;85%&#8221; hover_enabled=&#8221;0&#8243; sticky_enabled=&#8221;0&#8243;][\/et_pb_image][\/et_pb_column][et_pb_column _builder_version=&#8221;4.25.0&#8243; _module_preset=&#8221;default&#8221; type=&#8221;1_2&#8243; theme_builder_area=&#8221;post_content&#8221;][et_pb_image src=&#8221;https:\/\/artbeton.co.me\/wp-content\/uploads\/2024\/07\/Livena-hhh-potrosnja-hhhhh-15.png&#8221; _builder_version=&#8221;4.25.0&#8243; _module_preset=&#8221;default&#8221; theme_builder_area=&#8221;post_content&#8221; alt=&#8221;ART PLOCE&#8221; title_text=&#8221;ART PLOCE&#8221; module_alignment=&#8221;center&#8221; max_width=&#8221;85%&#8221; hover_enabled=&#8221;0&#8243; sticky_enabled=&#8221;0&#8243;][\/et_pb_image][\/et_pb_column][\/et_pb_row][et_pb_row _builder_version=&#8221;4.25.0&#8243; _module_preset=&#8221;default&#8221; theme_builder_area=&#8221;post_content&#8221; column_structure=&#8221;1_2,1_2&#8243; animation_style=&#8221;zoom&#8221; animation_direction=&#8221;right&#8221; hover_enabled=&#8221;0&#8243; sticky_enabled=&#8221;0&#8243;][et_pb_column _builder_version=&#8221;4.25.0&#8243; _module_preset=&#8221;default&#8221; type=&#8221;1_2&#8243; theme_builder_area=&#8221;post_content&#8221;][et_pb_image src=&#8221;https:\/\/artbeton.co.me\/wp-content\/uploads\/2024\/07\/Livena-hhh-potrosnja-hhhhh-16.png&#8221; _builder_version=&#8221;4.25.0&#8243; _module_preset=&#8221;default&#8221; theme_builder_area=&#8221;post_content&#8221; alt=&#8221;ART PLOCE&#8221; title_text=&#8221;ART PLOCE&#8221; align=&#8221;center&#8221; max_width=&#8221;85%&#8221; hover_enabled=&#8221;0&#8243; sticky_enabled=&#8221;0&#8243;][\/et_pb_image][\/et_pb_column][et_pb_column _builder_version=&#8221;4.25.0&#8243; _module_preset=&#8221;default&#8221; type=&#8221;1_2&#8243; theme_builder_area=&#8221;post_content&#8221;][et_pb_image src=&#8221;https:\/\/artbeton.co.me\/wp-content\/uploads\/2024\/07\/Livena-hhh-potrosnja-hhhhh-17.png&#8221; _builder_version=&#8221;4.25.0&#8243; _module_preset=&#8221;default&#8221; theme_builder_area=&#8221;post_content&#8221; alt=&#8221;ART PLOCE&#8221; title_text=&#8221;ART PLOCE&#8221; module_alignment=&#8221;center&#8221; max_width=&#8221;85%&#8221; hover_enabled=&#8221;0&#8243; sticky_enabled=&#8221;0&#8243;][\/et_pb_image][\/et_pb_column][\/et_pb_row][et_pb_row _builder_version=&#8221;4.25.0&#8243; _module_preset=&#8221;default&#8221; theme_builder_area=&#8221;post_content&#8221;][et_pb_column _builder_version=&#8221;4.25.0&#8243; _module_preset=&#8221;default&#8221; type=&#8221;4_4&#8243; theme_builder_area=&#8221;post_content&#8221;][et_pb_text _builder_version=&#8221;4.25.0&#8243; _module_preset=&#8221;default&#8221; theme_builder_area=&#8221;post_content&#8221; text_font=&#8221;Roboto|500|||||||&#8221; text_text_color=&#8221;#06336b&#8221; text_font_size=&#8221;18px&#8221; text_orientation=&#8221;center&#8221; box_shadow_style=&#8221;preset6&#8243; box_shadow_horizontal=&#8221;-18px&#8221; box_shadow_color=&#8221;#0C71C3&#8243; animation_style=&#8221;flip&#8221; animation_direction=&#8221;top&#8221; hover_enabled=&#8221;0&#8243; sticky_enabled=&#8221;0&#8243;]<p><span>Ovaj tip plo\u010da namijenjen je poplo\u010davanju povr\u0161ina gdje se te\u017ei\u0161te stavlja na izgled, ujedno\u010denost i ve\u0107u preciznost, kao \u0161to su staze, trotoari, \u0161etali\u0161ta, trgovi i prilazi privatnim i javnim objektima. Kombinacija boja i razli\u010ditih slogova mogu se posti\u0107i najrazli\u010ditiji efekti i zadovoljiti \u017eelje i najzahtjevnijih investitora. Plo\u010de se proizvode u standarnoj paleti boja: siva, crvena, crna, braon, zelena i bijela, ali se po zahtjevu kupca mogu raditi i sve ostale boje (terakota, oran\u017e, krem \u2026).<\/span><\/p>[\/et_pb_text][\/et_pb_column][\/et_pb_row][et_pb_row _builder_version=&#8221;4.25.0&#8243; _module_preset=&#8221;default&#8221; theme_builder_area=&#8221;post_content&#8221; column_structure=&#8221;1_3,1_3,1_3&#8243; animation_style=&#8221;slide&#8221; animation_direction=&#8221;left&#8221; hover_enabled=&#8221;0&#8243; sticky_enabled=&#8221;0&#8243;][et_pb_column _builder_version=&#8221;4.25.0&#8243; _module_preset=&#8221;default&#8221; type=&#8221;1_3&#8243; theme_builder_area=&#8221;post_content&#8221;][et_pb_image src=&#8221;https:\/\/artbeton.co.me\/wp-content\/uploads\/2024\/07\/IMG_0409.jpg&#8221; _builder_version=&#8221;4.25.0&#8243; _module_preset=&#8221;default&#8221; theme_builder_area=&#8221;post_content&#8221; alt=&#8221;ART PLOCE&#8221; title_text=&#8221;ART PLOCE&#8221; module_alignment=&#8221;center&#8221; hover_enabled=&#8221;0&#8243; sticky_enabled=&#8221;0&#8243;][\/et_pb_image][\/et_pb_column][et_pb_column _builder_version=&#8221;4.25.0&#8243; _module_preset=&#8221;default&#8221; type=&#8221;1_3&#8243; theme_builder_area=&#8221;post_content&#8221;][et_pb_image src=&#8221;https:\/\/artbeton.co.me\/wp-content\/uploads\/2024\/07\/IMG_0405.jpg&#8221; _builder_version=&#8221;4.25.0&#8243; _module_preset=&#8221;default&#8221; theme_builder_area=&#8221;post_content&#8221; alt=&#8221;ART PLOCE&#8221; title_text=&#8221;ART PLOCE&#8221; module_alignment=&#8221;center&#8221; hover_enabled=&#8221;0&#8243; sticky_enabled=&#8221;0&#8243;][\/et_pb_image][\/et_pb_column][et_pb_column _builder_version=&#8221;4.25.0&#8243; _module_preset=&#8221;default&#8221; type=&#8221;1_3&#8243; theme_builder_area=&#8221;post_content&#8221;][et_pb_image src=&#8221;https:\/\/artbeton.co.me\/wp-content\/uploads\/2024\/07\/IMG_0407.jpg&#8221; _builder_version=&#8221;4.25.0&#8243; _module_preset=&#8221;default&#8221; theme_builder_area=&#8221;post_content&#8221; alt=&#8221;ART PLOCE&#8221; title_text=&#8221;ART PLOCE&#8221; module_alignment=&#8221;center&#8221; hover_enabled=&#8221;0&#8243; sticky_enabled=&#8221;0&#8243;][\/et_pb_image][\/et_pb_column][\/et_pb_row][\/et_pb_section]\n","protected":false},"excerpt":{"rendered":"<p>VIBROPRESOVANE DVOSLOJNE PLO\u010cEVibropresovane dvoslojne plo\u010de sastoje se od prvog, osnovnog, nose\u0107eg sloja koji je od drobljenog agregata debljine oko 5-5,5cm i drugog, zavr\u0161nog, habaju\u0107eg sloja debljine od 5-10 mm. Svaki od slojeva radi se po precizno utvr\u0111enoj recepturi, a u skladu sa namijenom.Prvi nose\u0107i sloj radi se od drobljenog agregata, granulacije 0-4 mm, 4-8 mm [&hellip;]<\/p>\n","protected":false},"author":1,"featured_media":0,"parent":0,"menu_order":0,"comment_status":"closed","ping_status":"closed","template":"","meta":{"_et_pb_use_builder":"on","_et_pb_old_content":"","_et_gb_content_width":"","footnotes":""},"class_list":["post-135","page","type-page","status-publish","hentry"],"yoast_head":"<!-- This site is optimized with the Yoast SEO plugin v27.0 - https:\/\/yoast.com\/product\/yoast-seo-wordpress\/ -->\n<title>ART BETON PODGORICA - PLOCE ZA POPLOCAVANJE<\/title>\n<meta name=\"description\" content=\"ART BETON PODGORICA - PLOCE ZA POPLOCAVANJE. Nudimo Vam razli\u010dite modele, dimenzije i boje ploca za poplocavanje. 067 612 609\" \/>\n<meta name=\"robots\" content=\"index, follow, max-snippet:-1, max-image-preview:large, max-video-preview:-1\" \/>\n<link rel=\"canonical\" href=\"https:\/\/artbeton.co.me\/index.php\/art-beton-podgorica-ploce-za-poplocavanje\/\" \/>\n<meta property=\"og:locale\" content=\"en_US\" \/>\n<meta property=\"og:type\" content=\"article\" \/>\n<meta property=\"og:title\" content=\"ART BETON PODGORICA - PLOCE ZA POPLOCAVANJE\" \/>\n<meta property=\"og:description\" content=\"ART BETON PODGORICA - PLOCE ZA POPLOCAVANJE. Nudimo Vam razli\u010dite modele, dimenzije i boje ploca za poplocavanje. 067 612 609\" \/>\n<meta property=\"og:url\" content=\"https:\/\/artbeton.co.me\/index.php\/art-beton-podgorica-ploce-za-poplocavanje\/\" \/>\n<meta property=\"og:site_name\" content=\"ART BETON\" \/>\n<meta property=\"article:modified_time\" content=\"2024-07-17T12:41:13+00:00\" \/>\n<meta name=\"twitter:card\" content=\"summary_large_image\" \/>\n<meta name=\"twitter:label1\" content=\"Est. reading time\" \/>\n\t<meta name=\"twitter:data1\" content=\"4 minutes\" \/>\n<script type=\"application\/ld+json\" class=\"yoast-schema-graph\">{\"@context\":\"https:\/\/schema.org\",\"@graph\":[{\"@type\":\"WebPage\",\"@id\":\"https:\/\/artbeton.co.me\/index.php\/art-beton-podgorica-ploce-za-poplocavanje\/\",\"url\":\"https:\/\/artbeton.co.me\/index.php\/art-beton-podgorica-ploce-za-poplocavanje\/\",\"name\":\"ART BETON PODGORICA - PLOCE ZA POPLOCAVANJE\",\"isPartOf\":{\"@id\":\"https:\/\/artbeton.co.me\/#website\"},\"datePublished\":\"2024-07-13T16:55:52+00:00\",\"dateModified\":\"2024-07-17T12:41:13+00:00\",\"description\":\"ART BETON PODGORICA - PLOCE ZA POPLOCAVANJE. Nudimo Vam razli\u010dite modele, dimenzije i boje ploca za poplocavanje. 067 612 609\",\"breadcrumb\":{\"@id\":\"https:\/\/artbeton.co.me\/index.php\/art-beton-podgorica-ploce-za-poplocavanje\/#breadcrumb\"},\"inLanguage\":\"en-US\",\"potentialAction\":[{\"@type\":\"ReadAction\",\"target\":[\"https:\/\/artbeton.co.me\/index.php\/art-beton-podgorica-ploce-za-poplocavanje\/\"]}]},{\"@type\":\"BreadcrumbList\",\"@id\":\"https:\/\/artbeton.co.me\/index.php\/art-beton-podgorica-ploce-za-poplocavanje\/#breadcrumb\",\"itemListElement\":[{\"@type\":\"ListItem\",\"position\":1,\"name\":\"Home\",\"item\":\"https:\/\/artbeton.co.me\/\"},{\"@type\":\"ListItem\",\"position\":2,\"name\":\"DVOSLOJNE PLO\u010cE\"}]},{\"@type\":\"WebSite\",\"@id\":\"https:\/\/artbeton.co.me\/#website\",\"url\":\"https:\/\/artbeton.co.me\/\",\"name\":\"ART BETON\",\"description\":\"ART BETON CO PODGORICA\",\"potentialAction\":[{\"@type\":\"SearchAction\",\"target\":{\"@type\":\"EntryPoint\",\"urlTemplate\":\"https:\/\/artbeton.co.me\/?s={search_term_string}\"},\"query-input\":{\"@type\":\"PropertyValueSpecification\",\"valueRequired\":true,\"valueName\":\"search_term_string\"}}],\"inLanguage\":\"en-US\"}]}<\/script>\n<!-- \/ Yoast SEO plugin. -->","yoast_head_json":{"title":"ART BETON PODGORICA - PLOCE ZA POPLOCAVANJE","description":"ART BETON PODGORICA - PLOCE ZA POPLOCAVANJE. Nudimo Vam razli\u010dite modele, dimenzije i boje ploca za poplocavanje. 067 612 609","robots":{"index":"index","follow":"follow","max-snippet":"max-snippet:-1","max-image-preview":"max-image-preview:large","max-video-preview":"max-video-preview:-1"},"canonical":"https:\/\/artbeton.co.me\/index.php\/art-beton-podgorica-ploce-za-poplocavanje\/","og_locale":"en_US","og_type":"article","og_title":"ART BETON PODGORICA - PLOCE ZA POPLOCAVANJE","og_description":"ART BETON PODGORICA - PLOCE ZA POPLOCAVANJE. Nudimo Vam razli\u010dite modele, dimenzije i boje ploca za poplocavanje. 067 612 609","og_url":"https:\/\/artbeton.co.me\/index.php\/art-beton-podgorica-ploce-za-poplocavanje\/","og_site_name":"ART BETON","article_modified_time":"2024-07-17T12:41:13+00:00","twitter_card":"summary_large_image","twitter_misc":{"Est. reading time":"4 minutes"},"schema":{"@context":"https:\/\/schema.org","@graph":[{"@type":"WebPage","@id":"https:\/\/artbeton.co.me\/index.php\/art-beton-podgorica-ploce-za-poplocavanje\/","url":"https:\/\/artbeton.co.me\/index.php\/art-beton-podgorica-ploce-za-poplocavanje\/","name":"ART BETON PODGORICA - PLOCE ZA POPLOCAVANJE","isPartOf":{"@id":"https:\/\/artbeton.co.me\/#website"},"datePublished":"2024-07-13T16:55:52+00:00","dateModified":"2024-07-17T12:41:13+00:00","description":"ART BETON PODGORICA - PLOCE ZA POPLOCAVANJE. Nudimo Vam razli\u010dite modele, dimenzije i boje ploca za poplocavanje. 067 612 609","breadcrumb":{"@id":"https:\/\/artbeton.co.me\/index.php\/art-beton-podgorica-ploce-za-poplocavanje\/#breadcrumb"},"inLanguage":"en-US","potentialAction":[{"@type":"ReadAction","target":["https:\/\/artbeton.co.me\/index.php\/art-beton-podgorica-ploce-za-poplocavanje\/"]}]},{"@type":"BreadcrumbList","@id":"https:\/\/artbeton.co.me\/index.php\/art-beton-podgorica-ploce-za-poplocavanje\/#breadcrumb","itemListElement":[{"@type":"ListItem","position":1,"name":"Home","item":"https:\/\/artbeton.co.me\/"},{"@type":"ListItem","position":2,"name":"DVOSLOJNE PLO\u010cE"}]},{"@type":"WebSite","@id":"https:\/\/artbeton.co.me\/#website","url":"https:\/\/artbeton.co.me\/","name":"ART BETON","description":"ART BETON CO PODGORICA","potentialAction":[{"@type":"SearchAction","target":{"@type":"EntryPoint","urlTemplate":"https:\/\/artbeton.co.me\/?s={search_term_string}"},"query-input":{"@type":"PropertyValueSpecification","valueRequired":true,"valueName":"search_term_string"}}],"inLanguage":"en-US"}]}},"_links":{"self":[{"href":"https:\/\/artbeton.co.me\/index.php\/wp-json\/wp\/v2\/pages\/135","targetHints":{"allow":["GET"]}}],"collection":[{"href":"https:\/\/artbeton.co.me\/index.php\/wp-json\/wp\/v2\/pages"}],"about":[{"href":"https:\/\/artbeton.co.me\/index.php\/wp-json\/wp\/v2\/types\/page"}],"author":[{"embeddable":true,"href":"https:\/\/artbeton.co.me\/index.php\/wp-json\/wp\/v2\/users\/1"}],"replies":[{"embeddable":true,"href":"https:\/\/artbeton.co.me\/index.php\/wp-json\/wp\/v2\/comments?post=135"}],"version-history":[{"count":4,"href":"https:\/\/artbeton.co.me\/index.php\/wp-json\/wp\/v2\/pages\/135\/revisions"}],"predecessor-version":[{"id":1259,"href":"https:\/\/artbeton.co.me\/index.php\/wp-json\/wp\/v2\/pages\/135\/revisions\/1259"}],"wp:attachment":[{"href":"https:\/\/artbeton.co.me\/index.php\/wp-json\/wp\/v2\/media?parent=135"}],"curies":[{"name":"wp","href":"https:\/\/api.w.org\/{rel}","templated":true}]}}