{"id":133,"date":"2024-07-13T16:55:37","date_gmt":"2024-07-13T16:55:37","guid":{"rendered":"http:\/\/artbeton.co.me\/?page_id=133"},"modified":"2024-07-17T14:19:51","modified_gmt":"2024-07-17T14:19:51","slug":"art-beton-podgorica-ploce-za-poplocavanje-jednoslojne-ploce","status":"publish","type":"page","link":"https:\/\/artbeton.co.me\/index.php\/art-beton-podgorica-ploce-za-poplocavanje-jednoslojne-ploce\/","title":{"rendered":"JEDNOSLOJNE PLO\u010cE"},"content":{"rendered":"\n[et_pb_section fb_built=&#8221;1&#8243; theme_builder_area=&#8221;post_content&#8221; _builder_version=&#8221;4.25.0&#8243; _module_preset=&#8221;default&#8221;][et_pb_row _builder_version=&#8221;4.25.0&#8243; _module_preset=&#8221;default&#8221; theme_builder_area=&#8221;post_content&#8221;][et_pb_column _builder_version=&#8221;4.25.0&#8243; _module_preset=&#8221;default&#8221; type=&#8221;4_4&#8243; theme_builder_area=&#8221;post_content&#8221;][et_pb_text _builder_version=&#8221;4.25.0&#8243; _module_preset=&#8221;default&#8221; theme_builder_area=&#8221;post_content&#8221; text_font=&#8221;Merriweather|700|on||||||&#8221; text_text_color=&#8221;#032663&#8243; text_orientation=&#8221;center&#8221; text_font_size=&#8221;20px&#8221; box_shadow_style=&#8221;preset6&#8243; box_shadow_color=&#8221;rgba(1,49,102,0.58)&#8221; animation_style=&#8221;slide&#8221; hover_enabled=&#8221;0&#8243; sticky_enabled=&#8221;0&#8243;]<p>VIBROPRESOVANE JEDNOSLOJNE PLO\u010cE<\/p>[\/et_pb_text][\/et_pb_column][\/et_pb_row][et_pb_row _builder_version=&#8221;4.25.0&#8243; _module_preset=&#8221;default&#8221; theme_builder_area=&#8221;post_content&#8221;][et_pb_column _builder_version=&#8221;4.25.0&#8243; _module_preset=&#8221;default&#8221; type=&#8221;4_4&#8243; theme_builder_area=&#8221;post_content&#8221;][et_pb_image src=&#8221;https:\/\/artbeton.co.me\/wp-content\/uploads\/2024\/07\/BOKA-PRIRODA.jpg&#8221; _builder_version=&#8221;4.25.0&#8243; _module_preset=&#8221;default&#8221; theme_builder_area=&#8221;post_content&#8221; alt=&#8221;ART PLO\u010cE&#8221; title_text=&#8221;ART PLO\u010cE&#8221; align=&#8221;center&#8221; animation_style=&#8221;zoom&#8221; hover_enabled=&#8221;0&#8243; sticky_enabled=&#8221;0&#8243;][\/et_pb_image][\/et_pb_column][\/et_pb_row][et_pb_row _builder_version=&#8221;4.25.0&#8243; _module_preset=&#8221;default&#8221; theme_builder_area=&#8221;post_content&#8221;][et_pb_column _builder_version=&#8221;4.25.0&#8243; _module_preset=&#8221;default&#8221; type=&#8221;4_4&#8243; theme_builder_area=&#8221;post_content&#8221;][et_pb_text _builder_version=&#8221;4.25.0&#8243; _module_preset=&#8221;default&#8221; theme_builder_area=&#8221;post_content&#8221; text_font=&#8221;Roboto|500|||||||&#8221; text_text_color=&#8221;#062782&#8243; text_orientation=&#8221;center&#8221; text_font_size=&#8221;17px&#8221; border_color_bottom=&#8221;#042151&#8243; border_width_bottom=&#8221;3px&#8221; border_style_bottom=&#8221;dashed&#8221; animation_style=&#8221;flip&#8221; hover_enabled=&#8221;0&#8243; sticky_enabled=&#8221;0&#8243; box_shadow_style=&#8221;preset1&#8243; box_shadow_color=&#8221;#0C71C3&#8243;]<p><span>Vibropresovane jednoslojne plo\u010de izra\u0111uju se od zemnosuvog betona na presi pod velikim pritiskom i uz vibraciju. Plo\u010da je monolitna i izuzetno otporna na mehani\u010dke udare i o\u0161te\u010d\u0107enja grebanjem i habanjem, a eventualna o\u0161te\u0107enja su manje vidna. Proizvodi se od\u00a0 drobljenog agregata granulacije 0-4, 4-8 i portland cementa CEM II\/B-M (S-LL) 42,5N, a dodatkom aditiva posti\u017ee se otpornost na mraz i soli za odmrzavanje. Ovaj tip plo\u010de naro\u010dito je pogodan za primjenu na prostorima oko industrijskih objekata (skladi\u0161ta, stovari\u0161ta, proizvodnih pogona i sl.), gdje su povr\u0161ine izlo\u017eene intezivnom optere\u0107enju.<\/span><\/p>[\/et_pb_text][\/et_pb_column][\/et_pb_row][et_pb_row _builder_version=&#8221;4.25.0&#8243; _module_preset=&#8221;default&#8221; theme_builder_area=&#8221;post_content&#8221; column_structure=&#8221;1_2,1_2&#8243; animation_style=&#8221;roll&#8221; hover_enabled=&#8221;0&#8243; sticky_enabled=&#8221;0&#8243;][et_pb_column _builder_version=&#8221;4.25.0&#8243; _module_preset=&#8221;default&#8221; type=&#8221;1_2&#8243; theme_builder_area=&#8221;post_content&#8221;][et_pb_image src=&#8221;https:\/\/artbeton.co.me\/wp-content\/uploads\/2024\/07\/IMG_0380.jpg&#8221; _builder_version=&#8221;4.25.0&#8243; _module_preset=&#8221;default&#8221; theme_builder_area=&#8221;post_content&#8221; alt=&#8221;ART PLOCE&#8221; title_text=&#8221;ART PLOCE&#8221; align=&#8221;center&#8221; max_width=&#8221;85%&#8221; hover_enabled=&#8221;0&#8243; sticky_enabled=&#8221;0&#8243;][\/et_pb_image][\/et_pb_column][et_pb_column _builder_version=&#8221;4.25.0&#8243; _module_preset=&#8221;default&#8221; type=&#8221;1_2&#8243; theme_builder_area=&#8221;post_content&#8221;][et_pb_image src=&#8221;https:\/\/artbeton.co.me\/wp-content\/uploads\/2024\/07\/IMG_0378.jpg&#8221; _builder_version=&#8221;4.25.0&#8243; _module_preset=&#8221;default&#8221; theme_builder_area=&#8221;post_content&#8221; alt=&#8221;ART PLOCE&#8221; title_text=&#8221;ART PLOCE&#8221; module_alignment=&#8221;center&#8221; max_width=&#8221;85%&#8221; hover_enabled=&#8221;0&#8243; sticky_enabled=&#8221;0&#8243;][\/et_pb_image][\/et_pb_column][\/et_pb_row][et_pb_row _builder_version=&#8221;4.25.0&#8243; _module_preset=&#8221;default&#8221; theme_builder_area=&#8221;post_content&#8221;][et_pb_column _builder_version=&#8221;4.25.0&#8243; _module_preset=&#8221;default&#8221; type=&#8221;4_4&#8243; theme_builder_area=&#8221;post_content&#8221;][et_pb_text _builder_version=&#8221;4.25.0&#8243; _module_preset=&#8221;default&#8221; theme_builder_area=&#8221;post_content&#8221; text_font=&#8221;Merriweather|700|||||||&#8221; text_font_size=&#8221;18px&#8221; text_text_color=&#8221;#06366d&#8221; text_orientation=&#8221;center&#8221; box_shadow_style=&#8221;preset1&#8243; box_shadow_color=&#8221;#0C71C3&#8243; animation_style=&#8221;fade&#8221; hover_enabled=&#8221;0&#8243; sticky_enabled=&#8221;0&#8243;]<p><span>MODELI VIBROPRESOVANIH JEDNOSLOJNIH PLO\u010cA<\/span><\/p>[\/et_pb_text][\/et_pb_column][\/et_pb_row][et_pb_row _builder_version=&#8221;4.25.0&#8243; _module_preset=&#8221;default&#8221; theme_builder_area=&#8221;post_content&#8221; column_structure=&#8221;1_2,1_2&#8243; animation_style=&#8221;fade&#8221; hover_enabled=&#8221;0&#8243; sticky_enabled=&#8221;0&#8243;][et_pb_column _builder_version=&#8221;4.25.0&#8243; _module_preset=&#8221;default&#8221; type=&#8221;1_2&#8243; theme_builder_area=&#8221;post_content&#8221;][et_pb_image src=&#8221;https:\/\/artbeton.co.me\/wp-content\/uploads\/2024\/07\/Livena-hhh-potrosnja-hhhhh.png&#8221; _builder_version=&#8221;4.25.0&#8243; _module_preset=&#8221;default&#8221; theme_builder_area=&#8221;post_content&#8221; alt=&#8221;ART PLOCE&#8221; title_text=&#8221;ART PLOCE&#8221; module_alignment=&#8221;center&#8221; max_width=&#8221;85%&#8221; hover_enabled=&#8221;0&#8243; sticky_enabled=&#8221;0&#8243;][\/et_pb_image][\/et_pb_column][et_pb_column _builder_version=&#8221;4.25.0&#8243; _module_preset=&#8221;default&#8221; type=&#8221;1_2&#8243; theme_builder_area=&#8221;post_content&#8221;][et_pb_image src=&#8221;https:\/\/artbeton.co.me\/wp-content\/uploads\/2024\/07\/Livena-hhh-potrosnja-hhhhh-1.png&#8221; _builder_version=&#8221;4.25.0&#8243; _module_preset=&#8221;default&#8221; theme_builder_area=&#8221;post_content&#8221; alt=&#8221;ART PLOCE&#8221; title_text=&#8221;ART PLOCE&#8221; module_alignment=&#8221;center&#8221; max_width=&#8221;85%&#8221; hover_enabled=&#8221;0&#8243; sticky_enabled=&#8221;0&#8243;][\/et_pb_image][\/et_pb_column][\/et_pb_row][et_pb_row _builder_version=&#8221;4.25.0&#8243; _module_preset=&#8221;default&#8221; theme_builder_area=&#8221;post_content&#8221; column_structure=&#8221;1_2,1_2&#8243;][et_pb_column _builder_version=&#8221;4.25.0&#8243; _module_preset=&#8221;default&#8221; type=&#8221;1_2&#8243; theme_builder_area=&#8221;post_content&#8221;][et_pb_image src=&#8221;https:\/\/artbeton.co.me\/wp-content\/uploads\/2024\/07\/Livena-hhh-potrosnja-hhhhh-1-2.png&#8221; _builder_version=&#8221;4.25.0&#8243; _module_preset=&#8221;default&#8221; theme_builder_area=&#8221;post_content&#8221; alt=&#8221;ART PLOCE&#8221; title_text=&#8221;ART PLOCE&#8221; module_alignment=&#8221;center&#8221; max_width=&#8221;85%&#8221; hover_enabled=&#8221;0&#8243; sticky_enabled=&#8221;0&#8243;][\/et_pb_image][\/et_pb_column][et_pb_column _builder_version=&#8221;4.25.0&#8243; _module_preset=&#8221;default&#8221; type=&#8221;1_2&#8243; theme_builder_area=&#8221;post_content&#8221;][et_pb_image src=&#8221;https:\/\/artbeton.co.me\/wp-content\/uploads\/2024\/07\/Livena-hhh-potrosnja-hhhhh-1-ispravka-1.png&#8221; _builder_version=&#8221;4.25.0&#8243; _module_preset=&#8221;default&#8221; theme_builder_area=&#8221;post_content&#8221; alt=&#8221;ART PLOCE&#8221; title_text=&#8221;ART PLOCE&#8221; module_alignment=&#8221;center&#8221; max_width=&#8221;85%&#8221; hover_enabled=&#8221;0&#8243; sticky_enabled=&#8221;0&#8243;][\/et_pb_image][\/et_pb_column][\/et_pb_row][et_pb_row _builder_version=&#8221;4.25.0&#8243; _module_preset=&#8221;default&#8221; theme_builder_area=&#8221;post_content&#8221; column_structure=&#8221;1_2,1_2&#8243;][et_pb_column _builder_version=&#8221;4.25.0&#8243; _module_preset=&#8221;default&#8221; type=&#8221;1_2&#8243; theme_builder_area=&#8221;post_content&#8221;][et_pb_image src=&#8221;https:\/\/artbeton.co.me\/wp-content\/uploads\/2024\/07\/Livena-hhh-potrosnja-hhhhh-5.png&#8221; _builder_version=&#8221;4.25.0&#8243; _module_preset=&#8221;default&#8221; theme_builder_area=&#8221;post_content&#8221; alt=&#8221;ART PLOCE&#8221; title_text=&#8221;ART PLOCE&#8221; module_alignment=&#8221;center&#8221; max_width=&#8221;85%&#8221; hover_enabled=&#8221;0&#8243; sticky_enabled=&#8221;0&#8243;][\/et_pb_image][\/et_pb_column][et_pb_column _builder_version=&#8221;4.25.0&#8243; _module_preset=&#8221;default&#8221; type=&#8221;1_2&#8243; theme_builder_area=&#8221;post_content&#8221;][et_pb_image src=&#8221;https:\/\/artbeton.co.me\/wp-content\/uploads\/2024\/07\/Livena-hhh-potrosnja-hhhhh-10.png&#8221; _builder_version=&#8221;4.25.0&#8243; _module_preset=&#8221;default&#8221; theme_builder_area=&#8221;post_content&#8221; alt=&#8221;ART PLOCE&#8221; title_text=&#8221;ART PLOCE&#8221; max_width=&#8221;85%&#8221; module_alignment=&#8221;center&#8221; hover_enabled=&#8221;0&#8243; sticky_enabled=&#8221;0&#8243;][\/et_pb_image][\/et_pb_column][\/et_pb_row][et_pb_row _builder_version=&#8221;4.25.0&#8243; _module_preset=&#8221;default&#8221; theme_builder_area=&#8221;post_content&#8221; column_structure=&#8221;1_2,1_2&#8243; animation_style=&#8221;flip&#8221; hover_enabled=&#8221;0&#8243; sticky_enabled=&#8221;0&#8243;][et_pb_column _builder_version=&#8221;4.25.0&#8243; _module_preset=&#8221;default&#8221; type=&#8221;1_2&#8243; theme_builder_area=&#8221;post_content&#8221;][et_pb_image src=&#8221;https:\/\/artbeton.co.me\/wp-content\/uploads\/2024\/07\/Livena-hhh-potrosnja-hhhhh-11.png&#8221; _builder_version=&#8221;4.25.0&#8243; _module_preset=&#8221;default&#8221; theme_builder_area=&#8221;post_content&#8221; alt=&#8221;ART PLOCE&#8221; title_text=&#8221;ART PLOCE&#8221; max_width=&#8221;85%&#8221; module_alignment=&#8221;center&#8221; hover_enabled=&#8221;0&#8243; sticky_enabled=&#8221;0&#8243;][\/et_pb_image][\/et_pb_column][et_pb_column _builder_version=&#8221;4.25.0&#8243; _module_preset=&#8221;default&#8221; type=&#8221;1_2&#8243; theme_builder_area=&#8221;post_content&#8221;][et_pb_image src=&#8221;https:\/\/artbeton.co.me\/wp-content\/uploads\/2024\/07\/Livena-hhh-potrosnja-hhhhh-12.png&#8221; _builder_version=&#8221;4.25.0&#8243; _module_preset=&#8221;default&#8221; theme_builder_area=&#8221;post_content&#8221; alt=&#8221;ART PLOCE&#8221; title_text=&#8221;ART PLOCE&#8221; module_alignment=&#8221;center&#8221; max_width=&#8221;85%&#8221; hover_enabled=&#8221;0&#8243; sticky_enabled=&#8221;0&#8243;][\/et_pb_image][\/et_pb_column][\/et_pb_row][et_pb_row _builder_version=&#8221;4.25.0&#8243; _module_preset=&#8221;default&#8221; theme_builder_area=&#8221;post_content&#8221;][et_pb_column _builder_version=&#8221;4.25.0&#8243; _module_preset=&#8221;default&#8221; type=&#8221;4_4&#8243; theme_builder_area=&#8221;post_content&#8221;][et_pb_text _builder_version=&#8221;4.25.0&#8243; _module_preset=&#8221;default&#8221; theme_builder_area=&#8221;post_content&#8221; text_font=&#8221;Roboto|500|||||||&#8221; text_text_color=&#8221;#043470&#8243; text_orientation=&#8221;center&#8221; text_font_size=&#8221;17px&#8221; box_shadow_style=&#8221;preset6&#8243; box_shadow_color=&#8221;#0C71C3&#8243; animation_style=&#8221;slide&#8221; hover_enabled=&#8221;0&#8243; sticky_enabled=&#8221;0&#8243;]<p><span>Povr\u0161ina poplo\u010dana ovim plo\u010dama dobija rusti\u010dniji i dinami\u010dniji efekat, tako da se \u010desto koristi za izradu parkinga i saobra\u0107ajnica u zimskim turisti\u010dkim centrima; etno selima; stambenim blokovima, gdje se ovaj efekat uklapa u prirodnu cjelinu ure\u0111enja prostora. Proizvode se standardno u sivoj, crvenoj, crnoj, braon, \u017eutoj i zelenoj boji, mada se po zahtjevu kupca mogu raditi i u nekim drugim bojama.<\/span><\/p>[\/et_pb_text][\/et_pb_column][\/et_pb_row][et_pb_row _builder_version=&#8221;4.25.0&#8243; _module_preset=&#8221;default&#8221; theme_builder_area=&#8221;post_content&#8221; column_structure=&#8221;1_3,1_3,1_3&#8243; box_shadow_style=&#8221;preset1&#8243; animation_style=&#8221;flip&#8221; hover_enabled=&#8221;0&#8243; sticky_enabled=&#8221;0&#8243;][et_pb_column _builder_version=&#8221;4.25.0&#8243; _module_preset=&#8221;default&#8221; type=&#8221;1_3&#8243; theme_builder_area=&#8221;post_content&#8221;][et_pb_image src=&#8221;https:\/\/artbeton.co.me\/wp-content\/uploads\/2024\/07\/IMG_0385.jpg&#8221; _builder_version=&#8221;4.25.0&#8243; _module_preset=&#8221;default&#8221; theme_builder_area=&#8221;post_content&#8221; alt=&#8221;ART PLOCE&#8221; title_text=&#8221;ART PLOCE&#8221; module_alignment=&#8221;center&#8221; hover_enabled=&#8221;0&#8243; sticky_enabled=&#8221;0&#8243;][\/et_pb_image][\/et_pb_column][et_pb_column _builder_version=&#8221;4.25.0&#8243; _module_preset=&#8221;default&#8221; type=&#8221;1_3&#8243; theme_builder_area=&#8221;post_content&#8221;][et_pb_image src=&#8221;https:\/\/artbeton.co.me\/wp-content\/uploads\/2024\/07\/IMG_0384.jpg&#8221; _builder_version=&#8221;4.25.0&#8243; _module_preset=&#8221;default&#8221; theme_builder_area=&#8221;post_content&#8221; alt=&#8221;ART PLOCE&#8221; title_text=&#8221;ART PLOCE&#8221; module_alignment=&#8221;center&#8221; hover_enabled=&#8221;0&#8243; sticky_enabled=&#8221;0&#8243;][\/et_pb_image][\/et_pb_column][et_pb_column _builder_version=&#8221;4.25.0&#8243; _module_preset=&#8221;default&#8221; type=&#8221;1_3&#8243; theme_builder_area=&#8221;post_content&#8221;][et_pb_image src=&#8221;https:\/\/artbeton.co.me\/wp-content\/uploads\/2024\/07\/IMG_0383.jpg&#8221; _builder_version=&#8221;4.25.0&#8243; _module_preset=&#8221;default&#8221; theme_builder_area=&#8221;post_content&#8221; alt=&#8221;ART PLOCE&#8221; title_text=&#8221;ART PLOCE&#8221; module_alignment=&#8221;center&#8221; hover_enabled=&#8221;0&#8243; sticky_enabled=&#8221;0&#8243;][\/et_pb_image][\/et_pb_column][\/et_pb_row][\/et_pb_section]\n","protected":false},"excerpt":{"rendered":"<p>VIBROPRESOVANE JEDNOSLOJNE PLO\u010cEVibropresovane jednoslojne plo\u010de izra\u0111uju se od zemnosuvog betona na presi pod velikim pritiskom i uz vibraciju. Plo\u010da je monolitna i izuzetno otporna na mehani\u010dke udare i o\u0161te\u010d\u0107enja grebanjem i habanjem, a eventualna o\u0161te\u0107enja su manje vidna. Proizvodi se od\u00a0 drobljenog agregata granulacije 0-4, 4-8 i portland cementa CEM II\/B-M (S-LL) 42,5N, a dodatkom [&hellip;]<\/p>\n","protected":false},"author":1,"featured_media":0,"parent":0,"menu_order":0,"comment_status":"closed","ping_status":"closed","template":"","meta":{"_et_pb_use_builder":"on","_et_pb_old_content":"","_et_gb_content_width":"","footnotes":""},"class_list":["post-133","page","type-page","status-publish","hentry"],"yoast_head":"<!-- This site is optimized with the Yoast SEO plugin v27.0 - https:\/\/yoast.com\/product\/yoast-seo-wordpress\/ -->\n<title>ART BETON PODGORICA PLOCE ZA POPLOCAVANJE<\/title>\n<meta name=\"description\" content=\"ART BETON PODGORICA - PLOCE ZA POPLOCAVANJE. Odlicno rjesenje za ure\u0111enje eksterijera su ART PLOCNICI. Pozovite nas... \/067 612 609\" \/>\n<meta name=\"robots\" content=\"index, follow, max-snippet:-1, max-image-preview:large, max-video-preview:-1\" \/>\n<link rel=\"canonical\" href=\"https:\/\/artbeton.co.me\/index.php\/art-beton-podgorica-ploce-za-poplocavanje-jednoslojne-ploce\/\" \/>\n<meta property=\"og:locale\" content=\"en_US\" \/>\n<meta property=\"og:type\" content=\"article\" \/>\n<meta property=\"og:title\" content=\"ART BETON PODGORICA PLOCE ZA POPLOCAVANJE\" \/>\n<meta property=\"og:description\" content=\"ART BETON PODGORICA - PLOCE ZA POPLOCAVANJE. Odlicno rjesenje za ure\u0111enje eksterijera su ART PLOCNICI. Pozovite nas... \/067 612 609\" \/>\n<meta property=\"og:url\" content=\"https:\/\/artbeton.co.me\/index.php\/art-beton-podgorica-ploce-za-poplocavanje-jednoslojne-ploce\/\" \/>\n<meta property=\"og:site_name\" content=\"ART BETON\" \/>\n<meta property=\"article:modified_time\" content=\"2024-07-17T14:19:51+00:00\" \/>\n<meta name=\"twitter:card\" content=\"summary_large_image\" \/>\n<meta name=\"twitter:label1\" content=\"Est. reading time\" \/>\n\t<meta name=\"twitter:data1\" content=\"4 minutes\" \/>\n<script type=\"application\/ld+json\" class=\"yoast-schema-graph\">{\"@context\":\"https:\/\/schema.org\",\"@graph\":[{\"@type\":\"WebPage\",\"@id\":\"https:\/\/artbeton.co.me\/index.php\/art-beton-podgorica-ploce-za-poplocavanje-jednoslojne-ploce\/\",\"url\":\"https:\/\/artbeton.co.me\/index.php\/art-beton-podgorica-ploce-za-poplocavanje-jednoslojne-ploce\/\",\"name\":\"ART BETON PODGORICA PLOCE ZA POPLOCAVANJE\",\"isPartOf\":{\"@id\":\"https:\/\/artbeton.co.me\/#website\"},\"datePublished\":\"2024-07-13T16:55:37+00:00\",\"dateModified\":\"2024-07-17T14:19:51+00:00\",\"description\":\"ART BETON PODGORICA - PLOCE ZA POPLOCAVANJE. Odlicno rjesenje za ure\u0111enje eksterijera su ART PLOCNICI. Pozovite nas... \/067 612 609\",\"breadcrumb\":{\"@id\":\"https:\/\/artbeton.co.me\/index.php\/art-beton-podgorica-ploce-za-poplocavanje-jednoslojne-ploce\/#breadcrumb\"},\"inLanguage\":\"en-US\",\"potentialAction\":[{\"@type\":\"ReadAction\",\"target\":[\"https:\/\/artbeton.co.me\/index.php\/art-beton-podgorica-ploce-za-poplocavanje-jednoslojne-ploce\/\"]}]},{\"@type\":\"BreadcrumbList\",\"@id\":\"https:\/\/artbeton.co.me\/index.php\/art-beton-podgorica-ploce-za-poplocavanje-jednoslojne-ploce\/#breadcrumb\",\"itemListElement\":[{\"@type\":\"ListItem\",\"position\":1,\"name\":\"Home\",\"item\":\"https:\/\/artbeton.co.me\/\"},{\"@type\":\"ListItem\",\"position\":2,\"name\":\"JEDNOSLOJNE PLO\u010cE\"}]},{\"@type\":\"WebSite\",\"@id\":\"https:\/\/artbeton.co.me\/#website\",\"url\":\"https:\/\/artbeton.co.me\/\",\"name\":\"ART BETON\",\"description\":\"ART BETON CO PODGORICA\",\"potentialAction\":[{\"@type\":\"SearchAction\",\"target\":{\"@type\":\"EntryPoint\",\"urlTemplate\":\"https:\/\/artbeton.co.me\/?s={search_term_string}\"},\"query-input\":{\"@type\":\"PropertyValueSpecification\",\"valueRequired\":true,\"valueName\":\"search_term_string\"}}],\"inLanguage\":\"en-US\"}]}<\/script>\n<!-- \/ Yoast SEO plugin. -->","yoast_head_json":{"title":"ART BETON PODGORICA PLOCE ZA POPLOCAVANJE","description":"ART BETON PODGORICA - PLOCE ZA POPLOCAVANJE. Odlicno rjesenje za ure\u0111enje eksterijera su ART PLOCNICI. Pozovite nas... \/067 612 609","robots":{"index":"index","follow":"follow","max-snippet":"max-snippet:-1","max-image-preview":"max-image-preview:large","max-video-preview":"max-video-preview:-1"},"canonical":"https:\/\/artbeton.co.me\/index.php\/art-beton-podgorica-ploce-za-poplocavanje-jednoslojne-ploce\/","og_locale":"en_US","og_type":"article","og_title":"ART BETON PODGORICA PLOCE ZA POPLOCAVANJE","og_description":"ART BETON PODGORICA - PLOCE ZA POPLOCAVANJE. Odlicno rjesenje za ure\u0111enje eksterijera su ART PLOCNICI. Pozovite nas... \/067 612 609","og_url":"https:\/\/artbeton.co.me\/index.php\/art-beton-podgorica-ploce-za-poplocavanje-jednoslojne-ploce\/","og_site_name":"ART BETON","article_modified_time":"2024-07-17T14:19:51+00:00","twitter_card":"summary_large_image","twitter_misc":{"Est. reading time":"4 minutes"},"schema":{"@context":"https:\/\/schema.org","@graph":[{"@type":"WebPage","@id":"https:\/\/artbeton.co.me\/index.php\/art-beton-podgorica-ploce-za-poplocavanje-jednoslojne-ploce\/","url":"https:\/\/artbeton.co.me\/index.php\/art-beton-podgorica-ploce-za-poplocavanje-jednoslojne-ploce\/","name":"ART BETON PODGORICA PLOCE ZA POPLOCAVANJE","isPartOf":{"@id":"https:\/\/artbeton.co.me\/#website"},"datePublished":"2024-07-13T16:55:37+00:00","dateModified":"2024-07-17T14:19:51+00:00","description":"ART BETON PODGORICA - PLOCE ZA POPLOCAVANJE. Odlicno rjesenje za ure\u0111enje eksterijera su ART PLOCNICI. Pozovite nas... \/067 612 609","breadcrumb":{"@id":"https:\/\/artbeton.co.me\/index.php\/art-beton-podgorica-ploce-za-poplocavanje-jednoslojne-ploce\/#breadcrumb"},"inLanguage":"en-US","potentialAction":[{"@type":"ReadAction","target":["https:\/\/artbeton.co.me\/index.php\/art-beton-podgorica-ploce-za-poplocavanje-jednoslojne-ploce\/"]}]},{"@type":"BreadcrumbList","@id":"https:\/\/artbeton.co.me\/index.php\/art-beton-podgorica-ploce-za-poplocavanje-jednoslojne-ploce\/#breadcrumb","itemListElement":[{"@type":"ListItem","position":1,"name":"Home","item":"https:\/\/artbeton.co.me\/"},{"@type":"ListItem","position":2,"name":"JEDNOSLOJNE PLO\u010cE"}]},{"@type":"WebSite","@id":"https:\/\/artbeton.co.me\/#website","url":"https:\/\/artbeton.co.me\/","name":"ART BETON","description":"ART BETON CO PODGORICA","potentialAction":[{"@type":"SearchAction","target":{"@type":"EntryPoint","urlTemplate":"https:\/\/artbeton.co.me\/?s={search_term_string}"},"query-input":{"@type":"PropertyValueSpecification","valueRequired":true,"valueName":"search_term_string"}}],"inLanguage":"en-US"}]}},"_links":{"self":[{"href":"https:\/\/artbeton.co.me\/index.php\/wp-json\/wp\/v2\/pages\/133","targetHints":{"allow":["GET"]}}],"collection":[{"href":"https:\/\/artbeton.co.me\/index.php\/wp-json\/wp\/v2\/pages"}],"about":[{"href":"https:\/\/artbeton.co.me\/index.php\/wp-json\/wp\/v2\/types\/page"}],"author":[{"embeddable":true,"href":"https:\/\/artbeton.co.me\/index.php\/wp-json\/wp\/v2\/users\/1"}],"replies":[{"embeddable":true,"href":"https:\/\/artbeton.co.me\/index.php\/wp-json\/wp\/v2\/comments?post=133"}],"version-history":[{"count":4,"href":"https:\/\/artbeton.co.me\/index.php\/wp-json\/wp\/v2\/pages\/133\/revisions"}],"predecessor-version":[{"id":1270,"href":"https:\/\/artbeton.co.me\/index.php\/wp-json\/wp\/v2\/pages\/133\/revisions\/1270"}],"wp:attachment":[{"href":"https:\/\/artbeton.co.me\/index.php\/wp-json\/wp\/v2\/media?parent=133"}],"curies":[{"name":"wp","href":"https:\/\/api.w.org\/{rel}","templated":true}]}}